{"id":194,"date":"2019-09-26T11:53:14","date_gmt":"2019-09-26T11:53:14","guid":{"rendered":"https:\/\/ballettschule-robinlynn.de\/?page_id=194"},"modified":"2025-04-01T15:49:42","modified_gmt":"2025-04-01T15:49:42","slug":"contemporary","status":"publish","type":"page","link":"https:\/\/ballettschule-robinlynn.de\/?page_id=194","title":{"rendered":"Lyrical Dance"},"content":{"rendered":"\t\t<div data-elementor-type=\"wp-page\" data-elementor-id=\"194\" class=\"elementor elementor-194\">\n\t\t\t\t\t\t<section class=\"elementor-section elementor-top-section elementor-element elementor-element-5a7941a elementor-section-boxed elementor-section-height-default elementor-section-height-default\" data-id=\"5a7941a\" data-element_type=\"section\" data-e-type=\"section\">\n\t\t\t\t\t\t<div class=\"elementor-container elementor-column-gap-default\">\n\t\t\t\t\t<div class=\"elementor-column elementor-col-33 elementor-top-column elementor-element elementor-element-ed5a2dc\" data-id=\"ed5a2dc\" data-element_type=\"column\" data-e-type=\"column\">\n\t\t\t<div class=\"elementor-widget-wrap\">\n\t\t\t\t\t\t\t<\/div>\n\t\t<\/div>\n\t\t\t\t<div class=\"elementor-column elementor-col-33 elementor-top-column elementor-element elementor-element-e6445f7\" data-id=\"e6445f7\" data-element_type=\"column\" data-e-type=\"column\">\n\t\t\t<div class=\"elementor-widget-wrap\">\n\t\t\t\t\t\t\t<\/div>\n\t\t<\/div>\n\t\t\t\t<div class=\"elementor-column elementor-col-33 elementor-top-column elementor-element elementor-element-00d7fff\" data-id=\"00d7fff\" data-element_type=\"column\" data-e-type=\"column\">\n\t\t\t<div class=\"elementor-widget-wrap\">\n\t\t\t\t\t\t\t<\/div>\n\t\t<\/div>\n\t\t\t\t\t<\/div>\n\t\t<\/section>\n\t\t\t\t<section class=\"elementor-section elementor-top-section elementor-element elementor-element-e8c6a32 elementor-section-boxed elementor-section-height-default elementor-section-height-default\" data-id=\"e8c6a32\" data-element_type=\"section\" data-e-type=\"section\">\n\t\t\t\t\t\t<div class=\"elementor-container elementor-column-gap-default\">\n\t\t\t\t\t<div class=\"elementor-column elementor-col-100 elementor-top-column elementor-element elementor-element-3f39010\" data-id=\"3f39010\" data-element_type=\"column\" data-e-type=\"column\">\n\t\t\t<div class=\"elementor-widget-wrap elementor-element-populated\">\n\t\t\t\t\t\t<div class=\"elementor-element elementor-element-acd5647 elementor-invisible elementor-widget elementor-widget-image\" data-id=\"acd5647\" data-element_type=\"widget\" data-e-type=\"widget\" data-settings=\"{&quot;_animation&quot;:&quot;zoomIn&quot;}\" data-widget_type=\"image.default\">\n\t\t\t\t<div class=\"elementor-widget-container\">\n\t\t\t\t\t\t\t\t\t\t\t\t\t\t\t<img fetchpriority=\"high\" decoding=\"async\" width=\"1024\" height=\"683\" src=\"https:\/\/ballettschule-robinlynn.de\/wp-content\/uploads\/2025\/03\/20250131-DSC_8327-1024x683.jpg\" class=\"attachment-large size-large wp-image-6316\" alt=\"\" srcset=\"https:\/\/ballettschule-robinlynn.de\/wp-content\/uploads\/2025\/03\/20250131-DSC_8327-1024x683.jpg 1024w, https:\/\/ballettschule-robinlynn.de\/wp-content\/uploads\/2025\/03\/20250131-DSC_8327-300x200.jpg 300w, https:\/\/ballettschule-robinlynn.de\/wp-content\/uploads\/2025\/03\/20250131-DSC_8327-768x513.jpg 768w, https:\/\/ballettschule-robinlynn.de\/wp-content\/uploads\/2025\/03\/20250131-DSC_8327-1536x1025.jpg 1536w, https:\/\/ballettschule-robinlynn.de\/wp-content\/uploads\/2025\/03\/20250131-DSC_8327-2048x1367.jpg 2048w, https:\/\/ballettschule-robinlynn.de\/wp-content\/uploads\/2025\/03\/20250131-DSC_8327-1000x667.jpg 1000w, https:\/\/ballettschule-robinlynn.de\/wp-content\/uploads\/2025\/03\/20250131-DSC_8327-230x154.jpg 230w, https:\/\/ballettschule-robinlynn.de\/wp-content\/uploads\/2025\/03\/20250131-DSC_8327-350x234.jpg 350w, https:\/\/ballettschule-robinlynn.de\/wp-content\/uploads\/2025\/03\/20250131-DSC_8327-480x320.jpg 480w\" sizes=\"(max-width: 1024px) 100vw, 1024px\" \/>\t\t\t\t\t\t\t\t\t\t\t\t\t\t\t<\/div>\n\t\t\t\t<\/div>\n\t\t\t\t\t<\/div>\n\t\t<\/div>\n\t\t\t\t\t<\/div>\n\t\t<\/section>\n\t\t\t\t<section class=\"elementor-section elementor-top-section elementor-element elementor-element-a268b31 elementor-section-boxed elementor-section-height-default elementor-section-height-default\" data-id=\"a268b31\" data-element_type=\"section\" data-e-type=\"section\">\n\t\t\t\t\t\t<div class=\"elementor-container elementor-column-gap-default\">\n\t\t\t\t\t<div class=\"elementor-column elementor-col-100 elementor-top-column elementor-element elementor-element-8b79f35\" data-id=\"8b79f35\" data-element_type=\"column\" data-e-type=\"column\">\n\t\t\t<div class=\"elementor-widget-wrap elementor-element-populated\">\n\t\t\t\t\t\t<div class=\"elementor-element elementor-element-5fe931e elementor-widget elementor-widget-text-editor\" data-id=\"5fe931e\" data-element_type=\"widget\" data-e-type=\"widget\" data-widget_type=\"text-editor.default\">\n\t\t\t\t<div class=\"elementor-widget-container\">\n\t\t\t\t\t\t\t\t\t<p>Lyrical Dance ist eine Tanzrichtung, welche auf der Basis von Jazz Dance, Contemporary\/Modern Dance und Ballett beruht. Das Ausdr\u00fccken von Emotionen und das Vertanzen verschiedener Geschichten steht hierbei im Fokus.\u00a0<\/p><p>Das begleiten lyrischer Musik unterst\u00fctzt diesen Tanzstil sehr und die Sch\u00fcler\/-innen lernen, wie sie ihre pers\u00f6nlichen Gef\u00fchle, Ausdr\u00fccke und Poesie beim Tanzen darstellen k\u00f6nnen.<\/p>\t\t\t\t\t\t\t\t<\/div>\n\t\t\t\t<\/div>\n\t\t\t\t\t<\/div>\n\t\t<\/div>\n\t\t\t\t\t<\/div>\n\t\t<\/section>\n\t\t\t\t<\/div>\n\t\t","protected":false},"excerpt":{"rendered":"<p>Lyrical Dance ist eine Tanzrichtung, welche auf der Basis von Jazz Dance, Contemporary\/Modern Dance und Ballett beruht. Das Ausdr\u00fccken von Emotionen und [&hellip;]<\/p>\n","protected":false},"author":1,"featured_media":0,"parent":238,"menu_order":0,"comment_status":"closed","ping_status":"closed","template":"","meta":{"footnotes":""},"class_list":["post-194","page","type-page","status-publish","hentry"],"_links":{"self":[{"href":"https:\/\/ballettschule-robinlynn.de\/index.php?rest_route=\/wp\/v2\/pages\/194","targetHints":{"allow":["GET"]}}],"collection":[{"href":"https:\/\/ballettschule-robinlynn.de\/index.php?rest_route=\/wp\/v2\/pages"}],"about":[{"href":"https:\/\/ballettschule-robinlynn.de\/index.php?rest_route=\/wp\/v2\/types\/page"}],"author":[{"embeddable":true,"href":"https:\/\/ballettschule-robinlynn.de\/index.php?rest_route=\/wp\/v2\/users\/1"}],"replies":[{"embeddable":true,"href":"https:\/\/ballettschule-robinlynn.de\/index.php?rest_route=%2Fwp%2Fv2%2Fcomments&post=194"}],"version-history":[{"count":24,"href":"https:\/\/ballettschule-robinlynn.de\/index.php?rest_route=\/wp\/v2\/pages\/194\/revisions"}],"predecessor-version":[{"id":6543,"href":"https:\/\/ballettschule-robinlynn.de\/index.php?rest_route=\/wp\/v2\/pages\/194\/revisions\/6543"}],"up":[{"embeddable":true,"href":"https:\/\/ballettschule-robinlynn.de\/index.php?rest_route=\/wp\/v2\/pages\/238"}],"wp:attachment":[{"href":"https:\/\/ballettschule-robinlynn.de\/index.php?rest_route=%2Fwp%2Fv2%2Fmedia&parent=194"}],"curies":[{"name":"wp","href":"https:\/\/api.w.org\/{rel}","templated":true}]}}