{"id":207,"date":"2019-09-26T12:05:56","date_gmt":"2019-09-26T12:05:56","guid":{"rendered":"https:\/\/ballettschule-robinlynn.de\/?page_id=207"},"modified":"2025-04-01T15:26:09","modified_gmt":"2025-04-01T15:26:09","slug":"jazz-und-musical","status":"publish","type":"page","link":"https:\/\/ballettschule-robinlynn.de\/?page_id=207","title":{"rendered":"Jazz"},"content":{"rendered":"\t\t<div data-elementor-type=\"wp-page\" data-elementor-id=\"207\" class=\"elementor elementor-207\">\n\t\t\t\t\t\t<section class=\"elementor-section elementor-top-section elementor-element elementor-element-6c2b48a elementor-section-boxed elementor-section-height-default elementor-section-height-default\" data-id=\"6c2b48a\" data-element_type=\"section\" data-e-type=\"section\">\n\t\t\t\t\t\t<div class=\"elementor-container elementor-column-gap-default\">\n\t\t\t\t\t<div class=\"elementor-column elementor-col-50 elementor-top-column elementor-element elementor-element-5f5c7e1\" data-id=\"5f5c7e1\" data-element_type=\"column\" data-e-type=\"column\">\n\t\t\t<div class=\"elementor-widget-wrap elementor-element-populated\">\n\t\t\t\t\t\t\t<\/div>\n\t\t<\/div>\n\t\t\t\t<div class=\"elementor-column elementor-col-50 elementor-top-column elementor-element elementor-element-c9c9728\" data-id=\"c9c9728\" data-element_type=\"column\" data-e-type=\"column\">\n\t\t\t<div class=\"elementor-widget-wrap elementor-element-populated\">\n\t\t\t\t\t\t\t<\/div>\n\t\t<\/div>\n\t\t\t\t\t<\/div>\n\t\t<\/section>\n\t\t\t\t<section class=\"elementor-section elementor-top-section elementor-element elementor-element-5234cd8 elementor-section-boxed elementor-section-height-default elementor-section-height-default\" data-id=\"5234cd8\" data-element_type=\"section\" data-e-type=\"section\">\n\t\t\t\t\t\t<div class=\"elementor-container elementor-column-gap-default\">\n\t\t\t\t\t<div class=\"elementor-column elementor-col-16 elementor-top-column elementor-element elementor-element-efdccfd\" data-id=\"efdccfd\" data-element_type=\"column\" data-e-type=\"column\">\n\t\t\t<div class=\"elementor-widget-wrap\">\n\t\t\t\t\t\t\t<\/div>\n\t\t<\/div>\n\t\t\t\t<div class=\"elementor-column elementor-col-16 elementor-top-column elementor-element elementor-element-307908f\" data-id=\"307908f\" data-element_type=\"column\" data-e-type=\"column\">\n\t\t\t<div class=\"elementor-widget-wrap\">\n\t\t\t\t\t\t\t<\/div>\n\t\t<\/div>\n\t\t\t\t<div class=\"elementor-column elementor-col-16 elementor-top-column elementor-element elementor-element-1a79c1d\" data-id=\"1a79c1d\" data-element_type=\"column\" data-e-type=\"column\">\n\t\t\t<div class=\"elementor-widget-wrap\">\n\t\t\t\t\t\t\t<\/div>\n\t\t<\/div>\n\t\t\t\t<div class=\"elementor-column elementor-col-16 elementor-top-column elementor-element elementor-element-80bab18\" data-id=\"80bab18\" data-element_type=\"column\" data-e-type=\"column\">\n\t\t\t<div class=\"elementor-widget-wrap\">\n\t\t\t\t\t\t\t<\/div>\n\t\t<\/div>\n\t\t\t\t<div class=\"elementor-column elementor-col-16 elementor-top-column elementor-element elementor-element-81743ce\" data-id=\"81743ce\" data-element_type=\"column\" data-e-type=\"column\">\n\t\t\t<div class=\"elementor-widget-wrap\">\n\t\t\t\t\t\t\t<\/div>\n\t\t<\/div>\n\t\t\t\t<div class=\"elementor-column elementor-col-16 elementor-top-column elementor-element elementor-element-399bf56\" data-id=\"399bf56\" data-element_type=\"column\" data-e-type=\"column\">\n\t\t\t<div class=\"elementor-widget-wrap\">\n\t\t\t\t\t\t\t<\/div>\n\t\t<\/div>\n\t\t\t\t\t<\/div>\n\t\t<\/section>\n\t\t\t\t<section class=\"elementor-section elementor-top-section elementor-element elementor-element-55fea09 elementor-section-boxed elementor-section-height-default elementor-section-height-default\" data-id=\"55fea09\" data-element_type=\"section\" data-e-type=\"section\">\n\t\t\t\t\t\t<div class=\"elementor-container elementor-column-gap-default\">\n\t\t\t\t\t<div class=\"elementor-column elementor-col-50 elementor-top-column elementor-element elementor-element-eaa73e8\" data-id=\"eaa73e8\" data-element_type=\"column\" data-e-type=\"column\">\n\t\t\t<div class=\"elementor-widget-wrap elementor-element-populated\">\n\t\t\t\t\t\t<div class=\"elementor-element elementor-element-eaf3902 elementor-invisible elementor-widget elementor-widget-image\" data-id=\"eaf3902\" data-element_type=\"widget\" data-e-type=\"widget\" data-settings=\"{&quot;_animation&quot;:&quot;zoomInDown&quot;}\" data-widget_type=\"image.default\">\n\t\t\t\t<div class=\"elementor-widget-container\">\n\t\t\t\t\t\t\t\t\t\t\t\t\t\t\t<img fetchpriority=\"high\" decoding=\"async\" width=\"1024\" height=\"683\" src=\"https:\/\/ballettschule-robinlynn.de\/wp-content\/uploads\/2025\/03\/20250201-DSC_9163-1024x683.jpg\" class=\"attachment-large size-large wp-image-6421\" alt=\"\" srcset=\"https:\/\/ballettschule-robinlynn.de\/wp-content\/uploads\/2025\/03\/20250201-DSC_9163-1024x683.jpg 1024w, https:\/\/ballettschule-robinlynn.de\/wp-content\/uploads\/2025\/03\/20250201-DSC_9163-300x200.jpg 300w, https:\/\/ballettschule-robinlynn.de\/wp-content\/uploads\/2025\/03\/20250201-DSC_9163-768x513.jpg 768w, https:\/\/ballettschule-robinlynn.de\/wp-content\/uploads\/2025\/03\/20250201-DSC_9163-1536x1025.jpg 1536w, https:\/\/ballettschule-robinlynn.de\/wp-content\/uploads\/2025\/03\/20250201-DSC_9163-2048x1367.jpg 2048w, https:\/\/ballettschule-robinlynn.de\/wp-content\/uploads\/2025\/03\/20250201-DSC_9163-1000x667.jpg 1000w, https:\/\/ballettschule-robinlynn.de\/wp-content\/uploads\/2025\/03\/20250201-DSC_9163-230x154.jpg 230w, https:\/\/ballettschule-robinlynn.de\/wp-content\/uploads\/2025\/03\/20250201-DSC_9163-350x234.jpg 350w, https:\/\/ballettschule-robinlynn.de\/wp-content\/uploads\/2025\/03\/20250201-DSC_9163-480x320.jpg 480w\" sizes=\"(max-width: 1024px) 100vw, 1024px\" \/>\t\t\t\t\t\t\t\t\t\t\t\t\t\t\t<\/div>\n\t\t\t\t<\/div>\n\t\t\t\t\t<\/div>\n\t\t<\/div>\n\t\t\t\t<div class=\"elementor-column elementor-col-50 elementor-top-column elementor-element elementor-element-6ca8475\" data-id=\"6ca8475\" data-element_type=\"column\" data-e-type=\"column\">\n\t\t\t<div class=\"elementor-widget-wrap elementor-element-populated\">\n\t\t\t\t\t\t<div class=\"elementor-element elementor-element-070ba24 elementor-widget elementor-widget-image\" data-id=\"070ba24\" data-element_type=\"widget\" data-e-type=\"widget\" data-widget_type=\"image.default\">\n\t\t\t\t<div class=\"elementor-widget-container\">\n\t\t\t\t\t\t\t\t\t\t\t\t\t\t\t<img decoding=\"async\" width=\"1024\" height=\"572\" src=\"https:\/\/ballettschule-robinlynn.de\/wp-content\/uploads\/2025\/03\/20250201-DSC_9183-1024x572.jpg\" class=\"attachment-large size-large wp-image-6426\" alt=\"\" srcset=\"https:\/\/ballettschule-robinlynn.de\/wp-content\/uploads\/2025\/03\/20250201-DSC_9183-1024x572.jpg 1024w, https:\/\/ballettschule-robinlynn.de\/wp-content\/uploads\/2025\/03\/20250201-DSC_9183-300x168.jpg 300w, https:\/\/ballettschule-robinlynn.de\/wp-content\/uploads\/2025\/03\/20250201-DSC_9183-768x429.jpg 768w, https:\/\/ballettschule-robinlynn.de\/wp-content\/uploads\/2025\/03\/20250201-DSC_9183-1536x858.jpg 1536w, https:\/\/ballettschule-robinlynn.de\/wp-content\/uploads\/2025\/03\/20250201-DSC_9183-2048x1144.jpg 2048w, https:\/\/ballettschule-robinlynn.de\/wp-content\/uploads\/2025\/03\/20250201-DSC_9183-1000x559.jpg 1000w, https:\/\/ballettschule-robinlynn.de\/wp-content\/uploads\/2025\/03\/20250201-DSC_9183-230x129.jpg 230w, https:\/\/ballettschule-robinlynn.de\/wp-content\/uploads\/2025\/03\/20250201-DSC_9183-350x196.jpg 350w, https:\/\/ballettschule-robinlynn.de\/wp-content\/uploads\/2025\/03\/20250201-DSC_9183-480x268.jpg 480w\" sizes=\"(max-width: 1024px) 100vw, 1024px\" \/>\t\t\t\t\t\t\t\t\t\t\t\t\t\t\t<\/div>\n\t\t\t\t<\/div>\n\t\t\t\t\t<\/div>\n\t\t<\/div>\n\t\t\t\t\t<\/div>\n\t\t<\/section>\n\t\t\t\t<section class=\"elementor-section elementor-top-section elementor-element elementor-element-741abb2 elementor-section-boxed elementor-section-height-default elementor-section-height-default\" data-id=\"741abb2\" data-element_type=\"section\" data-e-type=\"section\">\n\t\t\t\t\t\t<div class=\"elementor-container elementor-column-gap-default\">\n\t\t\t\t\t<div class=\"elementor-column elementor-col-100 elementor-top-column elementor-element elementor-element-76f06a6\" data-id=\"76f06a6\" data-element_type=\"column\" data-e-type=\"column\">\n\t\t\t<div class=\"elementor-widget-wrap elementor-element-populated\">\n\t\t\t\t\t\t<div class=\"elementor-element elementor-element-502e78e elementor-widget elementor-widget-text-editor\" data-id=\"502e78e\" data-element_type=\"widget\" data-e-type=\"widget\" data-widget_type=\"text-editor.default\">\n\t\t\t\t<div class=\"elementor-widget-container\">\n\t\t\t\t\t\t\t\t\t<p><strong>Jazz<\/strong><\/p><p>Den Jazzunterricht k\u00f6nnen Jugendliche und Erwachsene besuchen. Der Unterricht besteht neben aufw\u00e4rmenden \u00dcbungen, denen Schrittfolgen durch den Raum folgen, aus t\u00e4nzerischen Kombinationen. Durch den Einsatz unterschiedlicher Stilrichtungen wie Lyrik, Rock, Pop oder Funk wird der Jazztanz zum k\u00fcnstlerischen Ausdrucksmittel.<\/p><p>\u00a0<\/p>\t\t\t\t\t\t\t\t<\/div>\n\t\t\t\t<\/div>\n\t\t\t\t\t<\/div>\n\t\t<\/div>\n\t\t\t\t\t<\/div>\n\t\t<\/section>\n\t\t\t\t<\/div>\n\t\t","protected":false},"excerpt":{"rendered":"<p>Jazz Den Jazzunterricht k\u00f6nnen Jugendliche und Erwachsene besuchen. Der Unterricht besteht neben aufw\u00e4rmenden \u00dcbungen, denen Schrittfolgen durch den Raum folgen, aus t\u00e4nzerischen [&hellip;]<\/p>\n","protected":false},"author":1,"featured_media":0,"parent":238,"menu_order":0,"comment_status":"closed","ping_status":"closed","template":"","meta":{"footnotes":""},"class_list":["post-207","page","type-page","status-publish","hentry"],"_links":{"self":[{"href":"https:\/\/ballettschule-robinlynn.de\/index.php?rest_route=\/wp\/v2\/pages\/207","targetHints":{"allow":["GET"]}}],"collection":[{"href":"https:\/\/ballettschule-robinlynn.de\/index.php?rest_route=\/wp\/v2\/pages"}],"about":[{"href":"https:\/\/ballettschule-robinlynn.de\/index.php?rest_route=\/wp\/v2\/types\/page"}],"author":[{"embeddable":true,"href":"https:\/\/ballettschule-robinlynn.de\/index.php?rest_route=\/wp\/v2\/users\/1"}],"replies":[{"embeddable":true,"href":"https:\/\/ballettschule-robinlynn.de\/index.php?rest_route=%2Fwp%2Fv2%2Fcomments&post=207"}],"version-history":[{"count":31,"href":"https:\/\/ballettschule-robinlynn.de\/index.php?rest_route=\/wp\/v2\/pages\/207\/revisions"}],"predecessor-version":[{"id":6524,"href":"https:\/\/ballettschule-robinlynn.de\/index.php?rest_route=\/wp\/v2\/pages\/207\/revisions\/6524"}],"up":[{"embeddable":true,"href":"https:\/\/ballettschule-robinlynn.de\/index.php?rest_route=\/wp\/v2\/pages\/238"}],"wp:attachment":[{"href":"https:\/\/ballettschule-robinlynn.de\/index.php?rest_route=%2Fwp%2Fv2%2Fmedia&parent=207"}],"curies":[{"name":"wp","href":"https:\/\/api.w.org\/{rel}","templated":true}]}}