{"id":212,"date":"2019-09-26T13:09:09","date_gmt":"2019-09-26T13:09:09","guid":{"rendered":"https:\/\/ballettschule-robinlynn.de\/?page_id=212"},"modified":"2025-04-01T15:43:17","modified_gmt":"2025-04-01T15:43:17","slug":"kinder-klassisch-und-kindertanz","status":"publish","type":"page","link":"https:\/\/ballettschule-robinlynn.de\/?page_id=212","title":{"rendered":"Kinder Klassisch, Vorstufe und Kinder Jazz"},"content":{"rendered":"\t\t<div data-elementor-type=\"wp-page\" data-elementor-id=\"212\" class=\"elementor elementor-212\">\n\t\t\t\t\t\t<section class=\"elementor-section elementor-top-section elementor-element elementor-element-b3cf3b1 elementor-section-boxed elementor-section-height-default elementor-section-height-default\" data-id=\"b3cf3b1\" data-element_type=\"section\" data-e-type=\"section\">\n\t\t\t\t\t\t<div class=\"elementor-container elementor-column-gap-default\">\n\t\t\t\t\t<div class=\"elementor-column elementor-col-50 elementor-top-column elementor-element elementor-element-bbed995\" data-id=\"bbed995\" data-element_type=\"column\" data-e-type=\"column\">\n\t\t\t<div class=\"elementor-widget-wrap elementor-element-populated\">\n\t\t\t\t\t\t<div class=\"elementor-element elementor-element-4e461e7 elementor-widget elementor-widget-heading\" data-id=\"4e461e7\" data-element_type=\"widget\" data-e-type=\"widget\" data-widget_type=\"heading.default\">\n\t\t\t\t<div class=\"elementor-widget-container\">\n\t\t\t\t\t<h2 class=\"elementor-heading-title elementor-size-medium\">Kinder Klassisch<\/h2>\t\t\t\t<\/div>\n\t\t\t\t<\/div>\n\t\t\t\t\t<\/div>\n\t\t<\/div>\n\t\t\t\t<div class=\"elementor-column elementor-col-50 elementor-top-column elementor-element elementor-element-c4fb9eb\" data-id=\"c4fb9eb\" data-element_type=\"column\" data-e-type=\"column\">\n\t\t\t<div class=\"elementor-widget-wrap elementor-element-populated\">\n\t\t\t\t\t\t<div class=\"elementor-element elementor-element-e107377 elementor-widget elementor-widget-text-editor\" data-id=\"e107377\" data-element_type=\"widget\" data-e-type=\"widget\" data-widget_type=\"text-editor.default\">\n\t\t\t\t<div class=\"elementor-widget-container\">\n\t\t\t\t\t\t\t\t\t<p><b>Vorstufe Kinder Klassisch<\/b><\/p>\t\t\t\t\t\t\t\t<\/div>\n\t\t\t\t<\/div>\n\t\t\t\t\t<\/div>\n\t\t<\/div>\n\t\t\t\t\t<\/div>\n\t\t<\/section>\n\t\t\t\t<section class=\"elementor-section elementor-top-section elementor-element elementor-element-2f0de0b elementor-section-boxed elementor-section-height-default elementor-section-height-default\" data-id=\"2f0de0b\" data-element_type=\"section\" data-e-type=\"section\">\n\t\t\t\t\t\t<div class=\"elementor-container elementor-column-gap-default\">\n\t\t\t\t\t<div class=\"elementor-column elementor-col-25 elementor-top-column elementor-element elementor-element-b8d1acc\" data-id=\"b8d1acc\" data-element_type=\"column\" data-e-type=\"column\">\n\t\t\t<div class=\"elementor-widget-wrap\">\n\t\t\t\t\t\t\t<\/div>\n\t\t<\/div>\n\t\t\t\t<div class=\"elementor-column elementor-col-25 elementor-top-column elementor-element elementor-element-ba094b2\" data-id=\"ba094b2\" data-element_type=\"column\" data-e-type=\"column\">\n\t\t\t<div class=\"elementor-widget-wrap\">\n\t\t\t\t\t\t\t<\/div>\n\t\t<\/div>\n\t\t\t\t<div class=\"elementor-column elementor-col-25 elementor-top-column elementor-element elementor-element-2495617\" data-id=\"2495617\" data-element_type=\"column\" data-e-type=\"column\">\n\t\t\t<div class=\"elementor-widget-wrap\">\n\t\t\t\t\t\t\t<\/div>\n\t\t<\/div>\n\t\t\t\t<div class=\"elementor-column elementor-col-25 elementor-top-column elementor-element elementor-element-1b43752\" data-id=\"1b43752\" data-element_type=\"column\" data-e-type=\"column\">\n\t\t\t<div class=\"elementor-widget-wrap\">\n\t\t\t\t\t\t\t<\/div>\n\t\t<\/div>\n\t\t\t\t\t<\/div>\n\t\t<\/section>\n\t\t\t\t<section class=\"elementor-section elementor-top-section elementor-element elementor-element-2e8dd02 elementor-section-boxed elementor-section-height-default elementor-section-height-default\" data-id=\"2e8dd02\" data-element_type=\"section\" data-e-type=\"section\">\n\t\t\t\t\t\t<div class=\"elementor-container elementor-column-gap-default\">\n\t\t\t\t\t<div class=\"elementor-column elementor-col-50 elementor-top-column elementor-element elementor-element-01e8b7b\" data-id=\"01e8b7b\" data-element_type=\"column\" data-e-type=\"column\">\n\t\t\t<div class=\"elementor-widget-wrap elementor-element-populated\">\n\t\t\t\t\t\t<div class=\"elementor-element elementor-element-a010771 elementor-widget elementor-widget-image\" data-id=\"a010771\" data-element_type=\"widget\" data-e-type=\"widget\" data-widget_type=\"image.default\">\n\t\t\t\t<div class=\"elementor-widget-container\">\n\t\t\t\t\t\t\t\t\t\t\t\t\t\t\t<img fetchpriority=\"high\" decoding=\"async\" width=\"1024\" height=\"693\" src=\"https:\/\/ballettschule-robinlynn.de\/wp-content\/uploads\/2025\/03\/20250201-DSC_8969-1024x693.jpg\" class=\"attachment-large size-large wp-image-6401\" alt=\"\" srcset=\"https:\/\/ballettschule-robinlynn.de\/wp-content\/uploads\/2025\/03\/20250201-DSC_8969-1024x693.jpg 1024w, https:\/\/ballettschule-robinlynn.de\/wp-content\/uploads\/2025\/03\/20250201-DSC_8969-300x203.jpg 300w, https:\/\/ballettschule-robinlynn.de\/wp-content\/uploads\/2025\/03\/20250201-DSC_8969-768x520.jpg 768w, https:\/\/ballettschule-robinlynn.de\/wp-content\/uploads\/2025\/03\/20250201-DSC_8969-1536x1040.jpg 1536w, https:\/\/ballettschule-robinlynn.de\/wp-content\/uploads\/2025\/03\/20250201-DSC_8969-2048x1386.jpg 2048w, https:\/\/ballettschule-robinlynn.de\/wp-content\/uploads\/2025\/03\/20250201-DSC_8969-1000x677.jpg 1000w, https:\/\/ballettschule-robinlynn.de\/wp-content\/uploads\/2025\/03\/20250201-DSC_8969-230x156.jpg 230w, https:\/\/ballettschule-robinlynn.de\/wp-content\/uploads\/2025\/03\/20250201-DSC_8969-350x237.jpg 350w, https:\/\/ballettschule-robinlynn.de\/wp-content\/uploads\/2025\/03\/20250201-DSC_8969-480x325.jpg 480w\" sizes=\"(max-width: 1024px) 100vw, 1024px\" \/>\t\t\t\t\t\t\t\t\t\t\t\t\t\t\t<\/div>\n\t\t\t\t<\/div>\n\t\t\t\t\t<\/div>\n\t\t<\/div>\n\t\t\t\t<div class=\"elementor-column elementor-col-50 elementor-top-column elementor-element elementor-element-519286b\" data-id=\"519286b\" data-element_type=\"column\" data-e-type=\"column\">\n\t\t\t<div class=\"elementor-widget-wrap elementor-element-populated\">\n\t\t\t\t\t\t<div class=\"elementor-element elementor-element-130d7d2 elementor-invisible elementor-widget elementor-widget-image\" data-id=\"130d7d2\" data-element_type=\"widget\" data-e-type=\"widget\" data-settings=\"{&quot;_animation&quot;:&quot;fadeInDown&quot;}\" data-widget_type=\"image.default\">\n\t\t\t\t<div class=\"elementor-widget-container\">\n\t\t\t\t\t\t\t\t\t\t\t\t\t\t\t<img decoding=\"async\" width=\"1024\" height=\"481\" src=\"https:\/\/ballettschule-robinlynn.de\/wp-content\/uploads\/2025\/03\/20250201-DSC_8832-1024x481.jpg\" class=\"attachment-large size-large wp-image-6384\" alt=\"\" srcset=\"https:\/\/ballettschule-robinlynn.de\/wp-content\/uploads\/2025\/03\/20250201-DSC_8832-1024x481.jpg 1024w, https:\/\/ballettschule-robinlynn.de\/wp-content\/uploads\/2025\/03\/20250201-DSC_8832-300x141.jpg 300w, https:\/\/ballettschule-robinlynn.de\/wp-content\/uploads\/2025\/03\/20250201-DSC_8832-768x361.jpg 768w, https:\/\/ballettschule-robinlynn.de\/wp-content\/uploads\/2025\/03\/20250201-DSC_8832-1536x722.jpg 1536w, https:\/\/ballettschule-robinlynn.de\/wp-content\/uploads\/2025\/03\/20250201-DSC_8832-2048x963.jpg 2048w, https:\/\/ballettschule-robinlynn.de\/wp-content\/uploads\/2025\/03\/20250201-DSC_8832-1000x470.jpg 1000w, https:\/\/ballettschule-robinlynn.de\/wp-content\/uploads\/2025\/03\/20250201-DSC_8832-230x108.jpg 230w, https:\/\/ballettschule-robinlynn.de\/wp-content\/uploads\/2025\/03\/20250201-DSC_8832-350x165.jpg 350w, https:\/\/ballettschule-robinlynn.de\/wp-content\/uploads\/2025\/03\/20250201-DSC_8832-480x226.jpg 480w\" sizes=\"(max-width: 1024px) 100vw, 1024px\" \/>\t\t\t\t\t\t\t\t\t\t\t\t\t\t\t<\/div>\n\t\t\t\t<\/div>\n\t\t\t\t\t<\/div>\n\t\t<\/div>\n\t\t\t\t\t<\/div>\n\t\t<\/section>\n\t\t\t\t<section class=\"elementor-section elementor-top-section elementor-element elementor-element-5b7c711 elementor-section-boxed elementor-section-height-default elementor-section-height-default\" data-id=\"5b7c711\" data-element_type=\"section\" data-e-type=\"section\">\n\t\t\t\t\t\t<div class=\"elementor-container elementor-column-gap-default\">\n\t\t\t\t\t<div class=\"elementor-column elementor-col-100 elementor-top-column elementor-element elementor-element-9ccc557\" data-id=\"9ccc557\" data-element_type=\"column\" data-e-type=\"column\">\n\t\t\t<div class=\"elementor-widget-wrap elementor-element-populated\">\n\t\t\t\t\t\t<div class=\"elementor-element elementor-element-ea51174 elementor-widget elementor-widget-text-editor\" data-id=\"ea51174\" data-element_type=\"widget\" data-e-type=\"widget\" data-widget_type=\"text-editor.default\">\n\t\t\t\t<div class=\"elementor-widget-container\">\n\t\t\t\t\t\t\t\t\t<p><strong>Kinder klassisch<\/strong><\/p><p>Der Klassische Tanz ist ein auf der Ballett-Tradition (Waganowa) basierender Unterricht nach strengen Regeln. Dies ist die Grundlage jeder professionellen Tanzausbildung und bedarf Grundkenntnisse aus dem Kindertanz. Daher wird \u201eKinder Klassisch 1 \u2013 3\u201c auch <strong>parallel<\/strong> zum Kindertanz-Unterricht angeboten.<\/p><p>Unsere Methodik (Borrmann-Methodik) ist speziell f\u00fcr private Kinderballett-schulen entwickelt worden. Das bedeutet, die Sch\u00fcler und Sch\u00fclerinnen erhalten einen professionellen, methodisch und anatomisch auf ihre Bed\u00fcrfnisse abgestimmten Unterricht.<\/p><p>Den Unterricht in Ballett besuchen Kinder und Jugendliche ab ca. 8 Jahren. Auf den bereits erlernten Grundlagen wird \u2013 nach dem Borrmann-Methodik \u2013 aufgebaut. Dabei steht die individuelle F\u00f6rderung der T\u00e4nzerinnen und T\u00e4nzer im Vordergrund. Wenn die k\u00f6rperlichen Voraussetzungen es erlauben, kann im Alter von 12 Jahren mit dem Spitzentanz begonnen werden.<\/p>\t\t\t\t\t\t\t\t<\/div>\n\t\t\t\t<\/div>\n\t\t\t\t\t<\/div>\n\t\t<\/div>\n\t\t\t\t\t<\/div>\n\t\t<\/section>\n\t\t\t\t<section class=\"elementor-section elementor-top-section elementor-element elementor-element-b1debd9 elementor-section-boxed elementor-section-height-default elementor-section-height-default\" data-id=\"b1debd9\" data-element_type=\"section\" data-e-type=\"section\">\n\t\t\t\t\t\t<div class=\"elementor-container elementor-column-gap-default\">\n\t\t\t\t\t<div class=\"elementor-column elementor-col-100 elementor-top-column elementor-element elementor-element-468d90f\" data-id=\"468d90f\" data-element_type=\"column\" data-e-type=\"column\">\n\t\t\t<div class=\"elementor-widget-wrap elementor-element-populated\">\n\t\t\t\t\t\t<div class=\"elementor-element elementor-element-5e68986 elementor-widget elementor-widget-text-editor\" data-id=\"5e68986\" data-element_type=\"widget\" data-e-type=\"widget\" data-widget_type=\"text-editor.default\">\n\t\t\t\t<div class=\"elementor-widget-container\">\n\t\t\t\t\t\t\t\t\t<p><strong>Vorstufe Kinder Klassisch \u2013 ab ca. 7 Jahre<\/strong> <br \/>Der Unterricht besteht jetzt aus einfachen Elementen des klassischen Balletts und wird durch gymnastische und rhythmische \u00dcbungen erg\u00e4nzt. Die Orientierung im Raum (Aufstellungen, Raumwege) r\u00fcckt verst\u00e4rkt in den Vordergrund. In dieser Zeit beginnen wir mit einfachen Schritten und kleinen Schrittfolgen aus dem Internationalen Tanz \/ Folklore.<\/p><p><strong>Kinder Jazz\u00a0 ab ca. 8 Jahre<\/strong> <br \/>wie Kindertanz Basis mit zunehmenden Schwierigkeitsgraden. Der Unterricht beginnt mit einem Jazz Warm Up und Stretching. Anschlie\u00dfend werden Schrittfolgen durch den Raum einstudiert sowie Choreografien, ganz im Stil der verschiedenen Sparten des Jazz Dances. Mitrei\u00dfende Musik darf dabei nat\u00fcrlich nicht fehlen!\u00a0\u00a0<\/p>\t\t\t\t\t\t\t\t<\/div>\n\t\t\t\t<\/div>\n\t\t\t\t<div class=\"elementor-element elementor-element-e19423f elementor-widget elementor-widget-image\" data-id=\"e19423f\" data-element_type=\"widget\" data-e-type=\"widget\" data-widget_type=\"image.default\">\n\t\t\t\t<div class=\"elementor-widget-container\">\n\t\t\t\t\t\t\t\t\t\t\t\t\t\t\t<img decoding=\"async\" width=\"266\" height=\"300\" src=\"https:\/\/ballettschule-robinlynn.de\/wp-content\/uploads\/2025\/03\/20250201-DSC_8811-266x300.jpg\" class=\"attachment-medium size-medium wp-image-6379\" alt=\"\" srcset=\"https:\/\/ballettschule-robinlynn.de\/wp-content\/uploads\/2025\/03\/20250201-DSC_8811-266x300.jpg 266w, https:\/\/ballettschule-robinlynn.de\/wp-content\/uploads\/2025\/03\/20250201-DSC_8811-909x1024.jpg 909w, https:\/\/ballettschule-robinlynn.de\/wp-content\/uploads\/2025\/03\/20250201-DSC_8811-768x865.jpg 768w, https:\/\/ballettschule-robinlynn.de\/wp-content\/uploads\/2025\/03\/20250201-DSC_8811-1363x1536.jpg 1363w, https:\/\/ballettschule-robinlynn.de\/wp-content\/uploads\/2025\/03\/20250201-DSC_8811-1817x2048.jpg 1817w, https:\/\/ballettschule-robinlynn.de\/wp-content\/uploads\/2025\/03\/20250201-DSC_8811-1000x1127.jpg 1000w, https:\/\/ballettschule-robinlynn.de\/wp-content\/uploads\/2025\/03\/20250201-DSC_8811-230x259.jpg 230w, https:\/\/ballettschule-robinlynn.de\/wp-content\/uploads\/2025\/03\/20250201-DSC_8811-350x394.jpg 350w, https:\/\/ballettschule-robinlynn.de\/wp-content\/uploads\/2025\/03\/20250201-DSC_8811-480x541.jpg 480w\" sizes=\"(max-width: 266px) 100vw, 266px\" \/>\t\t\t\t\t\t\t\t\t\t\t\t\t\t\t<\/div>\n\t\t\t\t<\/div>\n\t\t\t\t\t<\/div>\n\t\t<\/div>\n\t\t\t\t\t<\/div>\n\t\t<\/section>\n\t\t\t\t<\/div>\n\t\t","protected":false},"excerpt":{"rendered":"<p>Kinder Klassisch Vorstufe Kinder Klassisch Kinder klassisch Der Klassische Tanz ist ein auf der Ballett-Tradition (Waganowa) basierender Unterricht nach strengen Regeln. Dies [&hellip;]<\/p>\n","protected":false},"author":1,"featured_media":0,"parent":238,"menu_order":0,"comment_status":"closed","ping_status":"closed","template":"","meta":{"footnotes":""},"class_list":["post-212","page","type-page","status-publish","hentry"],"_links":{"self":[{"href":"https:\/\/ballettschule-robinlynn.de\/index.php?rest_route=\/wp\/v2\/pages\/212","targetHints":{"allow":["GET"]}}],"collection":[{"href":"https:\/\/ballettschule-robinlynn.de\/index.php?rest_route=\/wp\/v2\/pages"}],"about":[{"href":"https:\/\/ballettschule-robinlynn.de\/index.php?rest_route=\/wp\/v2\/types\/page"}],"author":[{"embeddable":true,"href":"https:\/\/ballettschule-robinlynn.de\/index.php?rest_route=\/wp\/v2\/users\/1"}],"replies":[{"embeddable":true,"href":"https:\/\/ballettschule-robinlynn.de\/index.php?rest_route=%2Fwp%2Fv2%2Fcomments&post=212"}],"version-history":[{"count":34,"href":"https:\/\/ballettschule-robinlynn.de\/index.php?rest_route=\/wp\/v2\/pages\/212\/revisions"}],"predecessor-version":[{"id":6539,"href":"https:\/\/ballettschule-robinlynn.de\/index.php?rest_route=\/wp\/v2\/pages\/212\/revisions\/6539"}],"up":[{"embeddable":true,"href":"https:\/\/ballettschule-robinlynn.de\/index.php?rest_route=\/wp\/v2\/pages\/238"}],"wp:attachment":[{"href":"https:\/\/ballettschule-robinlynn.de\/index.php?rest_route=%2Fwp%2Fv2%2Fmedia&parent=212"}],"curies":[{"name":"wp","href":"https:\/\/api.w.org\/{rel}","templated":true}]}}