{"id":218,"date":"2019-09-26T13:20:01","date_gmt":"2019-09-26T13:20:01","guid":{"rendered":"https:\/\/ballettschule-robinlynn.de\/?page_id=218"},"modified":"2024-12-10T14:53:51","modified_gmt":"2024-12-10T14:53:51","slug":"modern","status":"publish","type":"page","link":"https:\/\/ballettschule-robinlynn.de\/?page_id=218","title":{"rendered":"Modern und Modern Jazz"},"content":{"rendered":"\t\t<div data-elementor-type=\"wp-page\" data-elementor-id=\"218\" class=\"elementor elementor-218\">\n\t\t\t\t\t\t<section class=\"elementor-section elementor-top-section elementor-element elementor-element-f94b0fb elementor-section-boxed elementor-section-height-default elementor-section-height-default\" data-id=\"f94b0fb\" data-element_type=\"section\" data-e-type=\"section\">\n\t\t\t\t\t\t<div class=\"elementor-container elementor-column-gap-default\">\n\t\t\t\t\t<div class=\"elementor-column elementor-col-33 elementor-top-column elementor-element elementor-element-7d8941e\" data-id=\"7d8941e\" data-element_type=\"column\" data-e-type=\"column\">\n\t\t\t<div class=\"elementor-widget-wrap\">\n\t\t\t\t\t\t\t<\/div>\n\t\t<\/div>\n\t\t\t\t<div class=\"elementor-column elementor-col-33 elementor-top-column elementor-element elementor-element-67e268e\" data-id=\"67e268e\" data-element_type=\"column\" data-e-type=\"column\">\n\t\t\t<div class=\"elementor-widget-wrap\">\n\t\t\t\t\t\t\t<\/div>\n\t\t<\/div>\n\t\t\t\t<div class=\"elementor-column elementor-col-33 elementor-top-column elementor-element elementor-element-f6f96b7\" data-id=\"f6f96b7\" data-element_type=\"column\" data-e-type=\"column\">\n\t\t\t<div class=\"elementor-widget-wrap elementor-element-populated\">\n\t\t\t\t\t\t<section class=\"elementor-section elementor-inner-section elementor-element elementor-element-e4c581b elementor-section-boxed elementor-section-height-default elementor-section-height-default\" data-id=\"e4c581b\" data-element_type=\"section\" data-e-type=\"section\">\n\t\t\t\t\t\t<div class=\"elementor-container elementor-column-gap-default\">\n\t\t\t\t\t<div class=\"elementor-column elementor-col-50 elementor-inner-column elementor-element elementor-element-7a4a8cd\" data-id=\"7a4a8cd\" data-element_type=\"column\" data-e-type=\"column\">\n\t\t\t<div class=\"elementor-widget-wrap\">\n\t\t\t\t\t\t\t<\/div>\n\t\t<\/div>\n\t\t\t\t<div class=\"elementor-column elementor-col-50 elementor-inner-column elementor-element elementor-element-ab60c2a\" data-id=\"ab60c2a\" data-element_type=\"column\" data-e-type=\"column\">\n\t\t\t<div class=\"elementor-widget-wrap\">\n\t\t\t\t\t\t\t<\/div>\n\t\t<\/div>\n\t\t\t\t\t<\/div>\n\t\t<\/section>\n\t\t\t\t\t<\/div>\n\t\t<\/div>\n\t\t\t\t\t<\/div>\n\t\t<\/section>\n\t\t\t\t<section class=\"elementor-section elementor-top-section elementor-element elementor-element-939d1e7 elementor-section-boxed elementor-section-height-default elementor-section-height-default\" data-id=\"939d1e7\" data-element_type=\"section\" data-e-type=\"section\">\n\t\t\t\t\t\t<div class=\"elementor-container elementor-column-gap-default\">\n\t\t\t\t\t<div class=\"elementor-column elementor-col-100 elementor-top-column elementor-element elementor-element-93f7fa2\" data-id=\"93f7fa2\" data-element_type=\"column\" data-e-type=\"column\">\n\t\t\t<div class=\"elementor-widget-wrap elementor-element-populated\">\n\t\t\t\t\t\t<div class=\"elementor-element elementor-element-bfa38e1 elementor-invisible elementor-widget elementor-widget-image\" data-id=\"bfa38e1\" data-element_type=\"widget\" data-e-type=\"widget\" data-settings=\"{&quot;_animation&quot;:&quot;slideInRight&quot;}\" data-widget_type=\"image.default\">\n\t\t\t\t<div class=\"elementor-widget-container\">\n\t\t\t\t\t\t\t\t\t\t\t\t\t\t\t<img fetchpriority=\"high\" decoding=\"async\" width=\"1024\" height=\"553\" src=\"https:\/\/ballettschule-robinlynn.de\/wp-content\/uploads\/2019\/09\/Matinee-2009-806-1-1024x553.jpg\" class=\"attachment-large size-large wp-image-1384\" alt=\"\" srcset=\"https:\/\/ballettschule-robinlynn.de\/wp-content\/uploads\/2019\/09\/Matinee-2009-806-1-1024x553.jpg 1024w, https:\/\/ballettschule-robinlynn.de\/wp-content\/uploads\/2019\/09\/Matinee-2009-806-1-300x162.jpg 300w, https:\/\/ballettschule-robinlynn.de\/wp-content\/uploads\/2019\/09\/Matinee-2009-806-1-768x415.jpg 768w, https:\/\/ballettschule-robinlynn.de\/wp-content\/uploads\/2019\/09\/Matinee-2009-806-1-830x448.jpg 830w, https:\/\/ballettschule-robinlynn.de\/wp-content\/uploads\/2019\/09\/Matinee-2009-806-1-230x124.jpg 230w, https:\/\/ballettschule-robinlynn.de\/wp-content\/uploads\/2019\/09\/Matinee-2009-806-1-350x189.jpg 350w, https:\/\/ballettschule-robinlynn.de\/wp-content\/uploads\/2019\/09\/Matinee-2009-806-1-480x259.jpg 480w, https:\/\/ballettschule-robinlynn.de\/wp-content\/uploads\/2019\/09\/Matinee-2009-806-1-600x324.jpg 600w, https:\/\/ballettschule-robinlynn.de\/wp-content\/uploads\/2019\/09\/Matinee-2009-806-1.jpg 2048w\" sizes=\"(max-width: 1024px) 100vw, 1024px\" \/>\t\t\t\t\t\t\t\t\t\t\t\t\t\t\t<\/div>\n\t\t\t\t<\/div>\n\t\t\t\t\t<\/div>\n\t\t<\/div>\n\t\t\t\t\t<\/div>\n\t\t<\/section>\n\t\t\t\t<section class=\"elementor-section elementor-top-section elementor-element elementor-element-ba75b96 elementor-section-boxed elementor-section-height-default elementor-section-height-default\" data-id=\"ba75b96\" data-element_type=\"section\" data-e-type=\"section\">\n\t\t\t\t\t\t<div class=\"elementor-container elementor-column-gap-default\">\n\t\t\t\t\t<div class=\"elementor-column elementor-col-100 elementor-top-column elementor-element elementor-element-5422206\" data-id=\"5422206\" data-element_type=\"column\" data-e-type=\"column\">\n\t\t\t<div class=\"elementor-widget-wrap elementor-element-populated\">\n\t\t\t\t\t\t<div class=\"elementor-element elementor-element-c6607bc elementor-widget elementor-widget-text-editor\" data-id=\"c6607bc\" data-element_type=\"widget\" data-e-type=\"widget\" data-widget_type=\"text-editor.default\">\n\t\t\t\t<div class=\"elementor-widget-container\">\n\t\t\t\t\t\t\t\t\t<p>Der Unterricht in Modern eignet sich f\u00fcr Jugendliche und Erwachsene. Das Training beginnt in der Regel mit einem Warm-Up, kr\u00e4ftigenden und dehnenden \u00dcbungen, denen sich Schrittkombinationen und kleinere Choreografien anschlie\u00dfen. Modern Dance eignet sich f\u00fcr alle, die auf der Suche nach t\u00e4nzerischen Ausdrucksmittelm\u00f6glichkeiten sind.<\/p>\t\t\t\t\t\t\t\t<\/div>\n\t\t\t\t<\/div>\n\t\t\t\t\t<\/div>\n\t\t<\/div>\n\t\t\t\t\t<\/div>\n\t\t<\/section>\n\t\t\t\t<\/div>\n\t\t","protected":false},"excerpt":{"rendered":"<p>Der Unterricht in Modern eignet sich f\u00fcr Jugendliche und Erwachsene. Das Training beginnt in der Regel mit einem Warm-Up, kr\u00e4ftigenden und dehnenden [&hellip;]<\/p>\n","protected":false},"author":1,"featured_media":0,"parent":238,"menu_order":0,"comment_status":"closed","ping_status":"closed","template":"","meta":{"footnotes":""},"class_list":["post-218","page","type-page","status-publish","hentry"],"_links":{"self":[{"href":"https:\/\/ballettschule-robinlynn.de\/index.php?rest_route=\/wp\/v2\/pages\/218","targetHints":{"allow":["GET"]}}],"collection":[{"href":"https:\/\/ballettschule-robinlynn.de\/index.php?rest_route=\/wp\/v2\/pages"}],"about":[{"href":"https:\/\/ballettschule-robinlynn.de\/index.php?rest_route=\/wp\/v2\/types\/page"}],"author":[{"embeddable":true,"href":"https:\/\/ballettschule-robinlynn.de\/index.php?rest_route=\/wp\/v2\/users\/1"}],"replies":[{"embeddable":true,"href":"https:\/\/ballettschule-robinlynn.de\/index.php?rest_route=%2Fwp%2Fv2%2Fcomments&post=218"}],"version-history":[{"count":19,"href":"https:\/\/ballettschule-robinlynn.de\/index.php?rest_route=\/wp\/v2\/pages\/218\/revisions"}],"predecessor-version":[{"id":6138,"href":"https:\/\/ballettschule-robinlynn.de\/index.php?rest_route=\/wp\/v2\/pages\/218\/revisions\/6138"}],"up":[{"embeddable":true,"href":"https:\/\/ballettschule-robinlynn.de\/index.php?rest_route=\/wp\/v2\/pages\/238"}],"wp:attachment":[{"href":"https:\/\/ballettschule-robinlynn.de\/index.php?rest_route=%2Fwp%2Fv2%2Fmedia&parent=218"}],"curies":[{"name":"wp","href":"https:\/\/api.w.org\/{rel}","templated":true}]}}