{"id":228,"date":"2019-09-26T13:28:09","date_gmt":"2019-09-26T13:28:09","guid":{"rendered":"https:\/\/ballettschule-robinlynn.de\/?page_id=228"},"modified":"2025-04-01T15:40:59","modified_gmt":"2025-04-01T15:40:59","slug":"steptanz","status":"publish","type":"page","link":"https:\/\/ballettschule-robinlynn.de\/?page_id=228","title":{"rendered":"Stepptanz"},"content":{"rendered":"\t\t<div data-elementor-type=\"wp-page\" data-elementor-id=\"228\" class=\"elementor elementor-228\">\n\t\t\t\t\t\t<section class=\"elementor-section elementor-top-section elementor-element elementor-element-4d250be elementor-section-boxed elementor-section-height-default elementor-section-height-default\" data-id=\"4d250be\" data-element_type=\"section\" data-e-type=\"section\">\n\t\t\t\t\t\t<div class=\"elementor-container elementor-column-gap-default\">\n\t\t\t\t\t<div class=\"elementor-column elementor-col-33 elementor-top-column elementor-element elementor-element-a1e0c3e\" data-id=\"a1e0c3e\" data-element_type=\"column\" data-e-type=\"column\">\n\t\t\t<div class=\"elementor-widget-wrap\">\n\t\t\t\t\t\t\t<\/div>\n\t\t<\/div>\n\t\t\t\t<div class=\"elementor-column elementor-col-33 elementor-top-column elementor-element elementor-element-c7c2fe7\" data-id=\"c7c2fe7\" data-element_type=\"column\" data-e-type=\"column\">\n\t\t\t<div class=\"elementor-widget-wrap\">\n\t\t\t\t\t\t\t<\/div>\n\t\t<\/div>\n\t\t\t\t<div class=\"elementor-column elementor-col-33 elementor-top-column elementor-element elementor-element-d548508\" data-id=\"d548508\" data-element_type=\"column\" data-e-type=\"column\">\n\t\t\t<div class=\"elementor-widget-wrap\">\n\t\t\t\t\t\t\t<\/div>\n\t\t<\/div>\n\t\t\t\t\t<\/div>\n\t\t<\/section>\n\t\t\t\t<section class=\"elementor-section elementor-top-section elementor-element elementor-element-3111144 elementor-section-boxed elementor-section-height-default elementor-section-height-default\" data-id=\"3111144\" data-element_type=\"section\" data-e-type=\"section\">\n\t\t\t\t\t\t<div class=\"elementor-container elementor-column-gap-default\">\n\t\t\t\t\t<div class=\"elementor-column elementor-col-100 elementor-top-column elementor-element elementor-element-233e924\" data-id=\"233e924\" data-element_type=\"column\" data-e-type=\"column\">\n\t\t\t<div class=\"elementor-widget-wrap elementor-element-populated\">\n\t\t\t\t\t\t<div class=\"elementor-element elementor-element-06d7534 elementor-invisible elementor-widget elementor-widget-image\" data-id=\"06d7534\" data-element_type=\"widget\" data-e-type=\"widget\" data-settings=\"{&quot;_animation&quot;:&quot;bounceIn&quot;}\" data-widget_type=\"image.default\">\n\t\t\t\t<div class=\"elementor-widget-container\">\n\t\t\t\t\t\t\t\t\t\t\t\t\t\t\t<img fetchpriority=\"high\" decoding=\"async\" width=\"1024\" height=\"683\" src=\"https:\/\/ballettschule-robinlynn.de\/wp-content\/uploads\/2025\/03\/20250201-DSC_8469-1024x683.jpg\" class=\"attachment-large size-large wp-image-6332\" alt=\"\" srcset=\"https:\/\/ballettschule-robinlynn.de\/wp-content\/uploads\/2025\/03\/20250201-DSC_8469-1024x683.jpg 1024w, https:\/\/ballettschule-robinlynn.de\/wp-content\/uploads\/2025\/03\/20250201-DSC_8469-300x200.jpg 300w, https:\/\/ballettschule-robinlynn.de\/wp-content\/uploads\/2025\/03\/20250201-DSC_8469-768x513.jpg 768w, https:\/\/ballettschule-robinlynn.de\/wp-content\/uploads\/2025\/03\/20250201-DSC_8469-1536x1025.jpg 1536w, https:\/\/ballettschule-robinlynn.de\/wp-content\/uploads\/2025\/03\/20250201-DSC_8469-2048x1367.jpg 2048w, https:\/\/ballettschule-robinlynn.de\/wp-content\/uploads\/2025\/03\/20250201-DSC_8469-1000x667.jpg 1000w, https:\/\/ballettschule-robinlynn.de\/wp-content\/uploads\/2025\/03\/20250201-DSC_8469-230x154.jpg 230w, https:\/\/ballettschule-robinlynn.de\/wp-content\/uploads\/2025\/03\/20250201-DSC_8469-350x234.jpg 350w, https:\/\/ballettschule-robinlynn.de\/wp-content\/uploads\/2025\/03\/20250201-DSC_8469-480x320.jpg 480w\" sizes=\"(max-width: 1024px) 100vw, 1024px\" \/>\t\t\t\t\t\t\t\t\t\t\t\t\t\t\t<\/div>\n\t\t\t\t<\/div>\n\t\t\t\t\t<\/div>\n\t\t<\/div>\n\t\t\t\t\t<\/div>\n\t\t<\/section>\n\t\t\t\t<section class=\"elementor-section elementor-top-section elementor-element elementor-element-6b8ef60 elementor-section-boxed elementor-section-height-default elementor-section-height-default\" data-id=\"6b8ef60\" data-element_type=\"section\" data-e-type=\"section\">\n\t\t\t\t\t\t<div class=\"elementor-container elementor-column-gap-default\">\n\t\t\t\t\t<div class=\"elementor-column elementor-col-100 elementor-top-column elementor-element elementor-element-f6ad57f\" data-id=\"f6ad57f\" data-element_type=\"column\" data-e-type=\"column\">\n\t\t\t<div class=\"elementor-widget-wrap elementor-element-populated\">\n\t\t\t\t\t\t<div class=\"elementor-element elementor-element-7763d85 elementor-widget elementor-widget-text-editor\" data-id=\"7763d85\" data-element_type=\"widget\" data-e-type=\"widget\" data-widget_type=\"text-editor.default\">\n\t\t\t\t<div class=\"elementor-widget-container\">\n\t\t\t\t\t\t\t\t\t<div class=\"entry-content\"><div class=\"elementor elementor-108\" data-elementor-type=\"wp-post\" data-elementor-id=\"108\"><div class=\"elementor-inner\"><div class=\"elementor-section-wrap\"><section class=\"elementor-section elementor-top-section elementor-element elementor-element-f2a2350 elementor-section-boxed elementor-section-height-default elementor-section-height-default\" data-id=\"f2a2350\" data-element_type=\"section\"><div class=\"elementor-container elementor-column-gap-default\"><div class=\"elementor-row\"><div class=\"elementor-column elementor-col-100 elementor-top-column elementor-element elementor-element-80b2d0e\" data-id=\"80b2d0e\" data-element_type=\"column\"><div class=\"elementor-column-wrap elementor-element-populated\"><div class=\"elementor-widget-wrap\"><div class=\"elementor-element elementor-element-0fee764 elementor-widget elementor-widget-text-editor\" data-id=\"0fee764\" data-element_type=\"widget\" data-widget_type=\"text-editor.default\"><div class=\"elementor-widget-container\"><div class=\"elementor-text-editor elementor-clearfix\"><p>In Gruppen erlernen alle, die Spa\u00df und Musikalit\u00e4t mitbringen, grundlegende Schritte wie step, ball-change oder shuffle, bis zum weltber\u00fchmten Shim Sham.<\/p><p>Regelm\u00e4\u00dfig werden Themen und Stile t\u00e4nzerisch ausgearbeitet, so dass auch neben aller Technik die Choreographie nicht zu kurz kommt.<\/p><\/div><\/div><\/div><\/div><\/div><\/div><\/div><\/div><\/section><\/div><\/div><\/div><\/div>\t\t\t\t\t\t\t\t<\/div>\n\t\t\t\t<\/div>\n\t\t\t\t\t<\/div>\n\t\t<\/div>\n\t\t\t\t\t<\/div>\n\t\t<\/section>\n\t\t\t\t<\/div>\n\t\t","protected":false},"excerpt":{"rendered":"<p>In Gruppen erlernen alle, die Spa\u00df und Musikalit\u00e4t mitbringen, grundlegende Schritte wie step, ball-change oder shuffle, bis zum weltber\u00fchmten Shim Sham. Regelm\u00e4\u00dfig [&hellip;]<\/p>\n","protected":false},"author":1,"featured_media":0,"parent":238,"menu_order":0,"comment_status":"closed","ping_status":"closed","template":"","meta":{"footnotes":""},"class_list":["post-228","page","type-page","status-publish","hentry"],"_links":{"self":[{"href":"https:\/\/ballettschule-robinlynn.de\/index.php?rest_route=\/wp\/v2\/pages\/228","targetHints":{"allow":["GET"]}}],"collection":[{"href":"https:\/\/ballettschule-robinlynn.de\/index.php?rest_route=\/wp\/v2\/pages"}],"about":[{"href":"https:\/\/ballettschule-robinlynn.de\/index.php?rest_route=\/wp\/v2\/types\/page"}],"author":[{"embeddable":true,"href":"https:\/\/ballettschule-robinlynn.de\/index.php?rest_route=\/wp\/v2\/users\/1"}],"replies":[{"embeddable":true,"href":"https:\/\/ballettschule-robinlynn.de\/index.php?rest_route=%2Fwp%2Fv2%2Fcomments&post=228"}],"version-history":[{"count":20,"href":"https:\/\/ballettschule-robinlynn.de\/index.php?rest_route=\/wp\/v2\/pages\/228\/revisions"}],"predecessor-version":[{"id":6538,"href":"https:\/\/ballettschule-robinlynn.de\/index.php?rest_route=\/wp\/v2\/pages\/228\/revisions\/6538"}],"up":[{"embeddable":true,"href":"https:\/\/ballettschule-robinlynn.de\/index.php?rest_route=\/wp\/v2\/pages\/238"}],"wp:attachment":[{"href":"https:\/\/ballettschule-robinlynn.de\/index.php?rest_route=%2Fwp%2Fv2%2Fmedia&parent=228"}],"curies":[{"name":"wp","href":"https:\/\/api.w.org\/{rel}","templated":true}]}}