{"id":233,"date":"2019-09-26T13:31:46","date_gmt":"2019-09-26T13:31:46","guid":{"rendered":"https:\/\/ballettschule-robinlynn.de\/?page_id=233"},"modified":"2025-04-01T15:19:21","modified_gmt":"2025-04-01T15:19:21","slug":"tanzzwerge-und-taenzerische-frueherziehung","status":"publish","type":"page","link":"https:\/\/ballettschule-robinlynn.de\/?page_id=233","title":{"rendered":"Tanz Zwerge und T\u00e4nzerische Fr\u00fcherziehung"},"content":{"rendered":"\t\t<div data-elementor-type=\"wp-page\" data-elementor-id=\"233\" class=\"elementor elementor-233\">\n\t\t\t\t\t\t<section class=\"elementor-section elementor-top-section elementor-element elementor-element-b466e3a elementor-section-boxed elementor-section-height-default elementor-section-height-default\" data-id=\"b466e3a\" data-element_type=\"section\" data-e-type=\"section\">\n\t\t\t\t\t\t<div class=\"elementor-container elementor-column-gap-default\">\n\t\t\t\t\t<div class=\"elementor-column elementor-col-33 elementor-top-column elementor-element elementor-element-2b508a7\" data-id=\"2b508a7\" data-element_type=\"column\" data-e-type=\"column\">\n\t\t\t<div class=\"elementor-widget-wrap\">\n\t\t\t\t\t\t\t<\/div>\n\t\t<\/div>\n\t\t\t\t<div class=\"elementor-column elementor-col-33 elementor-top-column elementor-element elementor-element-85f2883\" data-id=\"85f2883\" data-element_type=\"column\" data-e-type=\"column\">\n\t\t\t<div class=\"elementor-widget-wrap\">\n\t\t\t\t\t\t\t<\/div>\n\t\t<\/div>\n\t\t\t\t<div class=\"elementor-column elementor-col-33 elementor-top-column elementor-element elementor-element-1a220f5\" data-id=\"1a220f5\" data-element_type=\"column\" data-e-type=\"column\">\n\t\t\t<div class=\"elementor-widget-wrap elementor-element-populated\">\n\t\t\t\t\t\t<section class=\"elementor-section elementor-inner-section elementor-element elementor-element-3d5c701 elementor-section-boxed elementor-section-height-default elementor-section-height-default\" data-id=\"3d5c701\" data-element_type=\"section\" data-e-type=\"section\">\n\t\t\t\t\t\t<div class=\"elementor-container elementor-column-gap-default\">\n\t\t\t\t\t<div class=\"elementor-column elementor-col-50 elementor-inner-column elementor-element elementor-element-f5be3b3\" data-id=\"f5be3b3\" data-element_type=\"column\" data-e-type=\"column\">\n\t\t\t<div class=\"elementor-widget-wrap\">\n\t\t\t\t\t\t\t<\/div>\n\t\t<\/div>\n\t\t\t\t<div class=\"elementor-column elementor-col-50 elementor-inner-column elementor-element elementor-element-c832061\" data-id=\"c832061\" data-element_type=\"column\" data-e-type=\"column\">\n\t\t\t<div class=\"elementor-widget-wrap\">\n\t\t\t\t\t\t\t<\/div>\n\t\t<\/div>\n\t\t\t\t\t<\/div>\n\t\t<\/section>\n\t\t\t\t\t<\/div>\n\t\t<\/div>\n\t\t\t\t\t<\/div>\n\t\t<\/section>\n\t\t\t\t<section class=\"elementor-section elementor-top-section elementor-element elementor-element-f340fa0 elementor-section-boxed elementor-section-height-default elementor-section-height-default\" data-id=\"f340fa0\" data-element_type=\"section\" data-e-type=\"section\">\n\t\t\t\t\t\t<div class=\"elementor-container elementor-column-gap-default\">\n\t\t\t\t\t<div class=\"elementor-column elementor-col-100 elementor-top-column elementor-element elementor-element-a2f5fec\" data-id=\"a2f5fec\" data-element_type=\"column\" data-e-type=\"column\">\n\t\t\t<div class=\"elementor-widget-wrap\">\n\t\t\t\t\t\t\t<\/div>\n\t\t<\/div>\n\t\t\t\t\t<\/div>\n\t\t<\/section>\n\t\t\t\t<section class=\"elementor-section elementor-top-section elementor-element elementor-element-a67fc54 elementor-section-boxed elementor-section-height-default elementor-section-height-default\" data-id=\"a67fc54\" data-element_type=\"section\" data-e-type=\"section\">\n\t\t\t\t\t\t<div class=\"elementor-container elementor-column-gap-default\">\n\t\t\t\t\t<div class=\"elementor-column elementor-col-100 elementor-top-column elementor-element elementor-element-a6624de\" data-id=\"a6624de\" data-element_type=\"column\" data-e-type=\"column\">\n\t\t\t<div class=\"elementor-widget-wrap elementor-element-populated\">\n\t\t\t\t\t\t<div class=\"elementor-element elementor-element-a000508 elementor-widget elementor-widget-text-editor\" data-id=\"a000508\" data-element_type=\"widget\" data-e-type=\"widget\" data-widget_type=\"text-editor.default\">\n\t\t\t\t<div class=\"elementor-widget-container\">\n\t\t\t\t\t\t\t\t\t<p><span style=\"text-decoration: underline;\"><strong>Tanz Zwerge\u00a0<\/strong><\/span><\/p><p>Tanz und Spa\u00df f\u00fcr unsere J\u00fcngsten &#8211; der perfekte Einstieg in das Programm f\u00fcr Kinder in unserer Ballettschule. In diesem Kurs werden den Kindern im Alter von 3 Jahren auf spielerische und phantasievolle Weise ihre nat\u00fcrliche Bewegungsfreude und Bed\u00fcrfnisse gef\u00f6rdert! Bewegungselemente die wir in dieser Klasse unterrichten w\u00e4ren Galopp, H\u00fcpfen, Springen auf einem oder beiden Beinen, Drehen, Rollen, Gleichgewichtsposen, gehen wie eine Prinzessin, marschieren wie ein Soldat oder balancieren wir eine Seilt\u00e4nzerin.\u00a0<\/p><p><span style=\"text-decoration: underline;\"><strong>T\u00e4nzerische Fr\u00fcherziehung\u00a0<\/strong><\/span><\/p><p>In der T\u00e4nzerischen Fr\u00fcherziehung werden den Kindern im Alter von 4 bis 6 Jahren auf spielerische und kindgerechte Weise elementare F\u00e4higkeiten vermittelt, die als Basisausbildung auf den weiterf\u00fchrenden Unterricht vorbereiten. Dazu z\u00e4hlen u.a. K\u00f6rperhaltung und Muskelaufbau, Feinmotorik, Koordination, Entwicklung der Musikalit\u00e4t und rhythmische Schulung, Improvisation sowie das soziale Miteinander.<\/p>\t\t\t\t\t\t\t\t<\/div>\n\t\t\t\t<\/div>\n\t\t\t\t<div class=\"elementor-element elementor-element-b1470f3 elementor-invisible elementor-widget elementor-widget-image\" data-id=\"b1470f3\" data-element_type=\"widget\" data-e-type=\"widget\" data-settings=\"{&quot;_animation&quot;:&quot;rotateInDownRight&quot;}\" data-widget_type=\"image.default\">\n\t\t\t\t<div class=\"elementor-widget-container\">\n\t\t\t\t\t\t\t\t\t\t\t\t\t\t\t<img fetchpriority=\"high\" decoding=\"async\" width=\"1024\" height=\"863\" src=\"https:\/\/ballettschule-robinlynn.de\/wp-content\/uploads\/2025\/03\/20250201-DSC_8742-1024x863.jpg\" class=\"attachment-large size-large wp-image-6360\" alt=\"\" srcset=\"https:\/\/ballettschule-robinlynn.de\/wp-content\/uploads\/2025\/03\/20250201-DSC_8742-1024x863.jpg 1024w, https:\/\/ballettschule-robinlynn.de\/wp-content\/uploads\/2025\/03\/20250201-DSC_8742-300x253.jpg 300w, https:\/\/ballettschule-robinlynn.de\/wp-content\/uploads\/2025\/03\/20250201-DSC_8742-768x648.jpg 768w, https:\/\/ballettschule-robinlynn.de\/wp-content\/uploads\/2025\/03\/20250201-DSC_8742-1536x1295.jpg 1536w, https:\/\/ballettschule-robinlynn.de\/wp-content\/uploads\/2025\/03\/20250201-DSC_8742-2048x1727.jpg 2048w, https:\/\/ballettschule-robinlynn.de\/wp-content\/uploads\/2025\/03\/20250201-DSC_8742-1000x843.jpg 1000w, https:\/\/ballettschule-robinlynn.de\/wp-content\/uploads\/2025\/03\/20250201-DSC_8742-230x194.jpg 230w, https:\/\/ballettschule-robinlynn.de\/wp-content\/uploads\/2025\/03\/20250201-DSC_8742-350x295.jpg 350w, https:\/\/ballettschule-robinlynn.de\/wp-content\/uploads\/2025\/03\/20250201-DSC_8742-480x405.jpg 480w\" sizes=\"(max-width: 1024px) 100vw, 1024px\" \/>\t\t\t\t\t\t\t\t\t\t\t\t\t\t\t<\/div>\n\t\t\t\t<\/div>\n\t\t\t\t\t<\/div>\n\t\t<\/div>\n\t\t\t\t\t<\/div>\n\t\t<\/section>\n\t\t\t\t<\/div>\n\t\t","protected":false},"excerpt":{"rendered":"<p>Tanz Zwerge\u00a0 Tanz und Spa\u00df f\u00fcr unsere J\u00fcngsten &#8211; der perfekte Einstieg in das Programm f\u00fcr Kinder in unserer Ballettschule. In diesem [&hellip;]<\/p>\n","protected":false},"author":1,"featured_media":0,"parent":238,"menu_order":0,"comment_status":"closed","ping_status":"closed","template":"","meta":{"footnotes":""},"class_list":["post-233","page","type-page","status-publish","hentry"],"_links":{"self":[{"href":"https:\/\/ballettschule-robinlynn.de\/index.php?rest_route=\/wp\/v2\/pages\/233","targetHints":{"allow":["GET"]}}],"collection":[{"href":"https:\/\/ballettschule-robinlynn.de\/index.php?rest_route=\/wp\/v2\/pages"}],"about":[{"href":"https:\/\/ballettschule-robinlynn.de\/index.php?rest_route=\/wp\/v2\/types\/page"}],"author":[{"embeddable":true,"href":"https:\/\/ballettschule-robinlynn.de\/index.php?rest_route=\/wp\/v2\/users\/1"}],"replies":[{"embeddable":true,"href":"https:\/\/ballettschule-robinlynn.de\/index.php?rest_route=%2Fwp%2Fv2%2Fcomments&post=233"}],"version-history":[{"count":25,"href":"https:\/\/ballettschule-robinlynn.de\/index.php?rest_route=\/wp\/v2\/pages\/233\/revisions"}],"predecessor-version":[{"id":6506,"href":"https:\/\/ballettschule-robinlynn.de\/index.php?rest_route=\/wp\/v2\/pages\/233\/revisions\/6506"}],"up":[{"embeddable":true,"href":"https:\/\/ballettschule-robinlynn.de\/index.php?rest_route=\/wp\/v2\/pages\/238"}],"wp:attachment":[{"href":"https:\/\/ballettschule-robinlynn.de\/index.php?rest_route=%2Fwp%2Fv2%2Fmedia&parent=233"}],"curies":[{"name":"wp","href":"https:\/\/api.w.org\/{rel}","templated":true}]}}