{"id":238,"date":"2019-09-26T13:39:28","date_gmt":"2019-09-26T13:39:28","guid":{"rendered":"https:\/\/ballettschule-robinlynn.de\/?page_id=238"},"modified":"2026-03-12T14:39:30","modified_gmt":"2026-03-12T14:39:30","slug":"kurse","status":"publish","type":"page","link":"https:\/\/ballettschule-robinlynn.de\/?page_id=238","title":{"rendered":"Kurse"},"content":{"rendered":"\t\t<div data-elementor-type=\"wp-page\" data-elementor-id=\"238\" class=\"elementor elementor-238\">\n\t\t\t\t\t\t<section class=\"elementor-section elementor-top-section elementor-element elementor-element-62c8daf elementor-section-boxed elementor-section-height-default elementor-section-height-default\" data-id=\"62c8daf\" data-element_type=\"section\" data-e-type=\"section\">\n\t\t\t\t\t\t<div class=\"elementor-container elementor-column-gap-default\">\n\t\t\t\t\t<div class=\"elementor-column elementor-col-100 elementor-top-column elementor-element elementor-element-81c3cc5\" data-id=\"81c3cc5\" data-element_type=\"column\" data-e-type=\"column\">\n\t\t\t<div class=\"elementor-widget-wrap elementor-element-populated\">\n\t\t\t\t\t\t<div class=\"elementor-element elementor-element-9eeac13 elementor-widget elementor-widget-text-editor\" data-id=\"9eeac13\" data-element_type=\"widget\" data-e-type=\"widget\" data-widget_type=\"text-editor.default\">\n\t\t\t\t<div class=\"elementor-widget-container\">\n\t\t\t\t\t\t\t\t\t<p>Hier sehen Sie die Tanz-Sparten, die an unserem Studio angeboten werden. Bitte klicken Sie auf die Bilder, um mehr \u00fcber die Inhalte zu erfahren.<\/p>\t\t\t\t\t\t\t\t<\/div>\n\t\t\t\t<\/div>\n\t\t\t\t\t<\/div>\n\t\t<\/div>\n\t\t\t\t\t<\/div>\n\t\t<\/section>\n\t\t\t\t<section class=\"elementor-section elementor-top-section elementor-element elementor-element-8263470 elementor-section-boxed elementor-section-height-default elementor-section-height-default\" data-id=\"8263470\" data-element_type=\"section\" data-e-type=\"section\">\n\t\t\t\t\t\t<div class=\"elementor-container elementor-column-gap-default\">\n\t\t\t\t\t<div class=\"elementor-column elementor-col-100 elementor-top-column elementor-element elementor-element-f33204e\" data-id=\"f33204e\" data-element_type=\"column\" data-e-type=\"column\" data-settings=\"{&quot;animation&quot;:&quot;none&quot;}\">\n\t\t\t<div class=\"elementor-widget-wrap elementor-element-populated\">\n\t\t\t\t\t\t<div class=\"elementor-element elementor-element-ef10f5a elementor-invisible elementor-widget elementor-widget-athemes-portfolio\" data-id=\"ef10f5a\" data-element_type=\"widget\" data-e-type=\"widget\" data-settings=\"{&quot;_animation&quot;:&quot;rollIn&quot;}\" data-widget_type=\"athemes-portfolio.default\">\n\t\t\t\t<div class=\"elementor-widget-container\">\n\t\t\t\t\t\n\t\t<div class=\"project-wrap portfolio-section style2\">\n\n\t\t\t<ul class=\"project-filter\" id=\"filters\">\n\t\t\t\t<li><a href=\"#\" data-filter=\"*\">Show all<\/a><\/li>\n\n\t\t\t\t\n\t\t\t\t\t\t\t\t\t\t\t\t\t\t\t\t\t\t\t\t\t\t\t\t\t\t\t\t\t\t\t\t\t\t\t\t\t\t\t\t\t\t\t\t\t\t\t\t\t\t\t\t\t\t\t\t\t\t\t\t\t\t\t\t\t\t\t\t\t\t\t\t\t\t\t\t\t\t\t\t\t\t\t\t\t\n\t\t\t\t\n\t\t\t\t\t<li><a href='#' data-filter='.ballett'>Ballett<\/a><\/li>\n\n\t\t\t\t\n\t\t\t\t\t<li><a href='#' data-filter='.t\u00e4nzerische-fr\u00fcherziehung'>T\u00e4nzerische Fr\u00fcherziehung<\/a><\/li>\n\n\t\t\t\t\n\t\t\t\t\t<li><a href='#' data-filter='.stepptanz'>Stepptanz<\/a><\/li>\n\n\t\t\t\t\n\t\t\t\t\t<li><a href='#' data-filter='.modern'>Modern<\/a><\/li>\n\n\t\t\t\t\n\t\t\t\t\t<li><a href='#' data-filter='.kinder-klassisch-und-vorstufe-kinder-klassisch'>Kinder Klassisch und Vorstufe Kinder Klassisch<\/a><\/li>\n\n\t\t\t\t\n\t\t\t\t\t<li><a href='#' data-filter='.jazz'>Jazz<\/a><\/li>\n\n\t\t\t\t\n\t\t\t\t\t<li><a href='#' data-filter='.hip-hop'>Hip Hop<\/a><\/li>\n\n\t\t\t\t\n\t\t\t\t\t<li><a href='#' data-filter='.pilates'>Pilates<\/a><\/li>\n\n\t\t\t\t\n\t\t\t<\/ul>\n\n\t\t\t<div class=\"roll-project fullwidth\">\n\t\t\t\t<div class=\"isotope-container\" data-portfolio-effect=\"fadeInUp\">\n\n\t\t\t\t\t\t\t\t                    \n\t\t\t\t<div class=\"project-item item isotope-item ballett\">\n\t\t\t\t\t<div class=\"project-inner\">\n\t\t\t\t\t\t\n\t\t\t\t\t\t\n\t\t\t\t\t\t<a href=\"https:\/\/ballettschule-robinlynn.de\/kurse\/ballett-2\/\" class=\"project-pop-wrap\" target=\"_blank\" rel=\"nofollow\">\n\t\t\t\t\t\t\t<div class=\"project-pop\"><\/div>\n\t\t\t\t\t\t\t<div class=\"project-title-wrap\">\n\t\t\t\t\t\t\t\t<h3 class=\"project-title\">\n\t\t\t\t\t\t\t\t\t<span>Ballett<\/span>\n\t\t\t\t\t\t\t\t<\/h3>\n\t\t\t\t\t\t\t<\/div>\t\t\t\t\t\t\t\n\t\t\t\t\t\t<\/a>\n\t\t\t\t\t\t<a href=\"#\">\n\t\t\t\t\t\t\t\t\t\t\t\t\t\t<img decoding=\"async\" src=\"https:\/\/ballettschule-robinlynn.de\/wp-content\/uploads\/2025\/03\/20250201-DSC_9275-scaled.jpg\" alt=\"20250201-DSC_9275\"\/>\n\t\t\t\t\t\t\t\t\t\t\t\t\t<\/a>\n\t\t\t\t\t<\/div>\n\t\t\t\t<\/div>\n\n\t\t\t\t\t\t\t\t                    \n\t\t\t\t<div class=\"project-item item isotope-item t\u00e4nzerische-fr\u00fcherziehung\">\n\t\t\t\t\t<div class=\"project-inner\">\n\t\t\t\t\t\t\n\t\t\t\t\t\t\n\t\t\t\t\t\t<a href=\"https:\/\/ballettschule-robinlynn.de\/kurse\/tanzzwerge-und-taenzerische-frueherziehung\/\" class=\"project-pop-wrap\" target=\"_blank\" rel=\"nofollow\">\n\t\t\t\t\t\t\t<div class=\"project-pop\"><\/div>\n\t\t\t\t\t\t\t<div class=\"project-title-wrap\">\n\t\t\t\t\t\t\t\t<h3 class=\"project-title\">\n\t\t\t\t\t\t\t\t\t<span>Tanz Zwerge \/T\u00e4nzerische Fr\u00fcherziehung<\/span>\n\t\t\t\t\t\t\t\t<\/h3>\n\t\t\t\t\t\t\t<\/div>\t\t\t\t\t\t\t\n\t\t\t\t\t\t<\/a>\n\t\t\t\t\t\t<a href=\"#\">\n\t\t\t\t\t\t\t\t\t\t\t\t\t\t<img decoding=\"async\" src=\"https:\/\/ballettschule-robinlynn.de\/wp-content\/uploads\/2025\/03\/20250201-DSC_8686-scaled.jpg\" alt=\"20250201-DSC_8686\"\/>\n\t\t\t\t\t\t\t\t\t\t\t\t\t<\/a>\n\t\t\t\t\t<\/div>\n\t\t\t\t<\/div>\n\n\t\t\t\t\t\t\t\t                    \n\t\t\t\t<div class=\"project-item item isotope-item stepptanz\">\n\t\t\t\t\t<div class=\"project-inner\">\n\t\t\t\t\t\t\n\t\t\t\t\t\t\n\t\t\t\t\t\t<a href=\"https:\/\/ballettschule-robinlynn.de\/kurse\/steptanz\/\" class=\"project-pop-wrap\" target=\"_blank\" rel=\"nofollow\">\n\t\t\t\t\t\t\t<div class=\"project-pop\"><\/div>\n\t\t\t\t\t\t\t<div class=\"project-title-wrap\">\n\t\t\t\t\t\t\t\t<h3 class=\"project-title\">\n\t\t\t\t\t\t\t\t\t<span>Stepptanz<\/span>\n\t\t\t\t\t\t\t\t<\/h3>\n\t\t\t\t\t\t\t<\/div>\t\t\t\t\t\t\t\n\t\t\t\t\t\t<\/a>\n\t\t\t\t\t\t<a href=\"#\">\n\t\t\t\t\t\t\t\t\t\t\t\t\t\t<img decoding=\"async\" src=\"https:\/\/ballettschule-robinlynn.de\/wp-content\/uploads\/2025\/03\/20250201-DSC_8469-scaled.jpg\" alt=\"20250201-DSC_8469\"\/>\n\t\t\t\t\t\t\t\t\t\t\t\t\t<\/a>\n\t\t\t\t\t<\/div>\n\t\t\t\t<\/div>\n\n\t\t\t\t\t\t\t\t                    \n\t\t\t\t<div class=\"project-item item isotope-item modern\">\n\t\t\t\t\t<div class=\"project-inner\">\n\t\t\t\t\t\t\n\t\t\t\t\t\t\n\t\t\t\t\t\t<a href=\"https:\/\/ballettschule-robinlynn.de\/kurse\/modern\/\" class=\"project-pop-wrap\" target=\"_blank\" rel=\"nofollow\">\n\t\t\t\t\t\t\t<div class=\"project-pop\"><\/div>\n\t\t\t\t\t\t\t<div class=\"project-title-wrap\">\n\t\t\t\t\t\t\t\t<h3 class=\"project-title\">\n\t\t\t\t\t\t\t\t\t<span>Modern und Modern Jazz <\/span>\n\t\t\t\t\t\t\t\t<\/h3>\n\t\t\t\t\t\t\t<\/div>\t\t\t\t\t\t\t\n\t\t\t\t\t\t<\/a>\n\t\t\t\t\t\t<a href=\"#\">\n\t\t\t\t\t\t\t\t\t\t\t\t\t\t<img decoding=\"async\" src=\"https:\/\/ballettschule-robinlynn.de\/wp-content\/uploads\/2019\/09\/Matinee-2009-806-1.jpg\" alt=\"Matinee 2009-806\"\/>\n\t\t\t\t\t\t\t\t\t\t\t\t\t<\/a>\n\t\t\t\t\t<\/div>\n\t\t\t\t<\/div>\n\n\t\t\t\t\t\t\t\t                    \n\t\t\t\t<div class=\"project-item item isotope-item kinder-klassisch-und-vorstufe-kinder-klassisch\">\n\t\t\t\t\t<div class=\"project-inner\">\n\t\t\t\t\t\t\n\t\t\t\t\t\t\n\t\t\t\t\t\t<a href=\"https:\/\/ballettschule-robinlynn.de\/kurse\/kinder-klassisch-und-kindertanz\/\" class=\"project-pop-wrap\" target=\"_blank\" rel=\"nofollow\">\n\t\t\t\t\t\t\t<div class=\"project-pop\"><\/div>\n\t\t\t\t\t\t\t<div class=\"project-title-wrap\">\n\t\t\t\t\t\t\t\t<h3 class=\"project-title\">\n\t\t\t\t\t\t\t\t\t<span>Kinder Klassisch\/ Vorstufe und Kinder Jazz<\/span>\n\t\t\t\t\t\t\t\t<\/h3>\n\t\t\t\t\t\t\t<\/div>\t\t\t\t\t\t\t\n\t\t\t\t\t\t<\/a>\n\t\t\t\t\t\t<a href=\"#\">\n\t\t\t\t\t\t\t\t\t\t\t\t\t\t<img decoding=\"async\" src=\"https:\/\/ballettschule-robinlynn.de\/wp-content\/uploads\/2025\/03\/20250201-DSC_8832-scaled.jpg\" alt=\"20250201-DSC_8832\"\/>\n\t\t\t\t\t\t\t\t\t\t\t\t\t<\/a>\n\t\t\t\t\t<\/div>\n\t\t\t\t<\/div>\n\n\t\t\t\t\t\t\t\t                    \n\t\t\t\t<div class=\"project-item item isotope-item modern\">\n\t\t\t\t\t<div class=\"project-inner\">\n\t\t\t\t\t\t\n\t\t\t\t\t\t\n\t\t\t\t\t\t<a href=\"https:\/\/ballettschule-robinlynn.de\/kurse\/contemporary\/\" class=\"project-pop-wrap\" target=\"_blank\" rel=\"nofollow\">\n\t\t\t\t\t\t\t<div class=\"project-pop\"><\/div>\n\t\t\t\t\t\t\t<div class=\"project-title-wrap\">\n\t\t\t\t\t\t\t\t<h3 class=\"project-title\">\n\t\t\t\t\t\t\t\t\t<span>Lyrical Dance<\/span>\n\t\t\t\t\t\t\t\t<\/h3>\n\t\t\t\t\t\t\t<\/div>\t\t\t\t\t\t\t\n\t\t\t\t\t\t<\/a>\n\t\t\t\t\t\t<a href=\"#\">\n\t\t\t\t\t\t\t\t\t\t\t\t\t\t<img decoding=\"async\" src=\"https:\/\/ballettschule-robinlynn.de\/wp-content\/uploads\/2025\/03\/20250131-DSC_8367-scaled.jpg\" alt=\"20250131-DSC_8367\"\/>\n\t\t\t\t\t\t\t\t\t\t\t\t\t<\/a>\n\t\t\t\t\t<\/div>\n\t\t\t\t<\/div>\n\n\t\t\t\t\t\t\t\t                    \n\t\t\t\t<div class=\"project-item item isotope-item jazz\">\n\t\t\t\t\t<div class=\"project-inner\">\n\t\t\t\t\t\t\n\t\t\t\t\t\t\n\t\t\t\t\t\t<a href=\"https:\/\/ballettschule-robinlynn.de\/kurse\/jazz\/\" class=\"project-pop-wrap\" target=\"_blank\" rel=\"nofollow\">\n\t\t\t\t\t\t\t<div class=\"project-pop\"><\/div>\n\t\t\t\t\t\t\t<div class=\"project-title-wrap\">\n\t\t\t\t\t\t\t\t<h3 class=\"project-title\">\n\t\t\t\t\t\t\t\t\t<span>Jazz <\/span>\n\t\t\t\t\t\t\t\t<\/h3>\n\t\t\t\t\t\t\t<\/div>\t\t\t\t\t\t\t\n\t\t\t\t\t\t<\/a>\n\t\t\t\t\t\t<a href=\"#\">\n\t\t\t\t\t\t\t\t\t\t\t\t\t\t<img decoding=\"async\" src=\"https:\/\/ballettschule-robinlynn.de\/wp-content\/uploads\/2025\/03\/20250201-DSC_9183-scaled.jpg\" alt=\"20250201-DSC_9183\"\/>\n\t\t\t\t\t\t\t\t\t\t\t\t\t<\/a>\n\t\t\t\t\t<\/div>\n\t\t\t\t<\/div>\n\n\t\t\t\t\t\t\t\t                    \n\t\t\t\t<div class=\"project-item item isotope-item hip-hop\">\n\t\t\t\t\t<div class=\"project-inner\">\n\t\t\t\t\t\t\n\t\t\t\t\t\t\n\t\t\t\t\t\t<a href=\"https:\/\/ballettschule-robinlynn.de\/kurse\/hip-hop\/\" class=\"project-pop-wrap\" target=\"_blank\" rel=\"nofollow\">\n\t\t\t\t\t\t\t<div class=\"project-pop\"><\/div>\n\t\t\t\t\t\t\t<div class=\"project-title-wrap\">\n\t\t\t\t\t\t\t\t<h3 class=\"project-title\">\n\t\t\t\t\t\t\t\t\t<span>Hip Hop<\/span>\n\t\t\t\t\t\t\t\t<\/h3>\n\t\t\t\t\t\t\t<\/div>\t\t\t\t\t\t\t\n\t\t\t\t\t\t<\/a>\n\t\t\t\t\t\t<a href=\"#\">\n\t\t\t\t\t\t\t\t\t\t\t\t\t\t<img decoding=\"async\" src=\"https:\/\/ballettschule-robinlynn.de\/wp-content\/uploads\/2025\/03\/20250131-DSC_8269-scaled.jpg\" alt=\"20250131-DSC_8269\"\/>\n\t\t\t\t\t\t\t\t\t\t\t\t\t<\/a>\n\t\t\t\t\t<\/div>\n\t\t\t\t<\/div>\n\n\t\t\t\t\t\t\t\t                    \n\t\t\t\t<div class=\"project-item item isotope-item pilates\">\n\t\t\t\t\t<div class=\"project-inner\">\n\t\t\t\t\t\t\n\t\t\t\t\t\t\n\t\t\t\t\t\t<a href=\"https:\/\/ballettschule-robinlynn.de\/kurse\/pilates-und-barre\/\" class=\"project-pop-wrap\" target=\"_blank\" rel=\"nofollow\">\n\t\t\t\t\t\t\t<div class=\"project-pop\"><\/div>\n\t\t\t\t\t\t\t<div class=\"project-title-wrap\">\n\t\t\t\t\t\t\t\t<h3 class=\"project-title\">\n\t\t\t\t\t\t\t\t\t<span>Pilates<\/span>\n\t\t\t\t\t\t\t\t<\/h3>\n\t\t\t\t\t\t\t<\/div>\t\t\t\t\t\t\t\n\t\t\t\t\t\t<\/a>\n\t\t\t\t\t\t<a href=\"#\">\n\t\t\t\t\t\t\t\t\t\t\t\t\t\t<img decoding=\"async\" src=\"https:\/\/ballettschule-robinlynn.de\/wp-content\/uploads\/2019\/09\/pilates-e1569788764609.jpg\" alt=\"pilates\"\/>\n\t\t\t\t\t\t\t\t\t\t\t\t\t<\/a>\n\t\t\t\t\t<\/div>\n\t\t\t\t<\/div>\n\n\t\t\t\t\t\t\t\t\n\t\t\t\t<\/div>\n\t\t\t<\/div>\n\t\t<\/div>\n\n\t\t\t\t\t\t<\/div>\n\t\t\t\t<\/div>\n\t\t\t\t\t<\/div>\n\t\t<\/div>\n\t\t\t\t\t<\/div>\n\t\t<\/section>\n\t\t\t\t<\/div>\n\t\t","protected":false},"excerpt":{"rendered":"<p>Hier sehen Sie die Tanz-Sparten, die an unserem Studio angeboten werden. Bitte klicken Sie auf die Bilder, um mehr \u00fcber die Inhalte [&hellip;]<\/p>\n","protected":false},"author":1,"featured_media":0,"parent":0,"menu_order":0,"comment_status":"closed","ping_status":"closed","template":"","meta":{"footnotes":""},"class_list":["post-238","page","type-page","status-publish","hentry"],"_links":{"self":[{"href":"https:\/\/ballettschule-robinlynn.de\/index.php?rest_route=\/wp\/v2\/pages\/238","targetHints":{"allow":["GET"]}}],"collection":[{"href":"https:\/\/ballettschule-robinlynn.de\/index.php?rest_route=\/wp\/v2\/pages"}],"about":[{"href":"https:\/\/ballettschule-robinlynn.de\/index.php?rest_route=\/wp\/v2\/types\/page"}],"author":[{"embeddable":true,"href":"https:\/\/ballettschule-robinlynn.de\/index.php?rest_route=\/wp\/v2\/users\/1"}],"replies":[{"embeddable":true,"href":"https:\/\/ballettschule-robinlynn.de\/index.php?rest_route=%2Fwp%2Fv2%2Fcomments&post=238"}],"version-history":[{"count":88,"href":"https:\/\/ballettschule-robinlynn.de\/index.php?rest_route=\/wp\/v2\/pages\/238\/revisions"}],"predecessor-version":[{"id":6981,"href":"https:\/\/ballettschule-robinlynn.de\/index.php?rest_route=\/wp\/v2\/pages\/238\/revisions\/6981"}],"wp:attachment":[{"href":"https:\/\/ballettschule-robinlynn.de\/index.php?rest_route=%2Fwp%2Fv2%2Fmedia&parent=238"}],"curies":[{"name":"wp","href":"https:\/\/api.w.org\/{rel}","templated":true}]}}