{"id":4578,"date":"2020-10-05T15:23:26","date_gmt":"2020-10-05T15:23:26","guid":{"rendered":"https:\/\/ballettschule-robinlynn.de\/?page_id=4578"},"modified":"2026-03-24T15:54:10","modified_gmt":"2026-03-24T15:54:10","slug":"neue-kurse","status":"publish","type":"page","link":"https:\/\/ballettschule-robinlynn.de\/?page_id=4578","title":{"rendered":"Neue Kurse"},"content":{"rendered":"\t\t<div data-elementor-type=\"wp-page\" data-elementor-id=\"4578\" class=\"elementor elementor-4578\">\n\t\t\t\t\t\t<section class=\"elementor-section elementor-top-section elementor-element elementor-element-657141b elementor-section-boxed elementor-section-height-default elementor-section-height-default\" data-id=\"657141b\" data-element_type=\"section\" data-e-type=\"section\">\n\t\t\t\t\t\t<div class=\"elementor-container elementor-column-gap-default\">\n\t\t\t\t\t<div class=\"elementor-column elementor-col-100 elementor-top-column elementor-element elementor-element-14a636f\" data-id=\"14a636f\" data-element_type=\"column\" data-e-type=\"column\">\n\t\t\t<div class=\"elementor-widget-wrap elementor-element-populated\">\n\t\t\t\t\t\t<div class=\"elementor-element elementor-element-c5c40bd elementor-widget__width-initial elementor-widget elementor-widget-text-editor\" data-id=\"c5c40bd\" data-element_type=\"widget\" data-e-type=\"widget\" data-widget_type=\"text-editor.default\">\n\t\t\t\t<div class=\"elementor-widget-container\">\n\t\t\t\t\t\t\t\t\t<p>Neue T\u00e4nzerische Fr\u00fcherziehung 1 ab Dienstag, den 3. M\u00e4rz!&nbsp;<\/p><p>Ballett Anf\u00e4nger ab Mittwoch, den 15. April!<\/p>\n<p><a href=\"https:\/\/ballettschule-robinlynn.de\/?page_id=5102\">Hier geht&#8217;s zur Anmeldung<\/a>&nbsp;<\/p>\t\t\t\t\t\t\t\t<\/div>\n\t\t\t\t<\/div>\n\t\t\t\t\t<\/div>\n\t\t<\/div>\n\t\t\t\t\t<\/div>\n\t\t<\/section>\n\t\t\t\t<section class=\"elementor-section elementor-top-section elementor-element elementor-element-e01871b elementor-section-boxed elementor-section-height-default elementor-section-height-default\" data-id=\"e01871b\" data-element_type=\"section\" data-e-type=\"section\">\n\t\t\t\t\t\t<div class=\"elementor-container elementor-column-gap-default\">\n\t\t\t\t\t<div class=\"elementor-column elementor-col-100 elementor-top-column elementor-element elementor-element-aaadc8c\" data-id=\"aaadc8c\" data-element_type=\"column\" data-e-type=\"column\">\n\t\t\t<div class=\"elementor-widget-wrap\">\n\t\t\t\t\t\t\t<\/div>\n\t\t<\/div>\n\t\t\t\t\t<\/div>\n\t\t<\/section>\n\t\t\t\t<\/div>\n\t\t","protected":false},"excerpt":{"rendered":"<p>Neue T\u00e4nzerische Fr\u00fcherziehung 1 ab Dienstag, den 3. M\u00e4rz!&nbsp; Ballett Anf\u00e4nger ab Mittwoch, den 15. April! Hier geht&#8217;s zur Anmeldung&nbsp;<\/p>\n","protected":false},"author":1,"featured_media":0,"parent":0,"menu_order":0,"comment_status":"closed","ping_status":"closed","template":"","meta":{"footnotes":""},"class_list":["post-4578","page","type-page","status-publish","hentry"],"_links":{"self":[{"href":"https:\/\/ballettschule-robinlynn.de\/index.php?rest_route=\/wp\/v2\/pages\/4578","targetHints":{"allow":["GET"]}}],"collection":[{"href":"https:\/\/ballettschule-robinlynn.de\/index.php?rest_route=\/wp\/v2\/pages"}],"about":[{"href":"https:\/\/ballettschule-robinlynn.de\/index.php?rest_route=\/wp\/v2\/types\/page"}],"author":[{"embeddable":true,"href":"https:\/\/ballettschule-robinlynn.de\/index.php?rest_route=\/wp\/v2\/users\/1"}],"replies":[{"embeddable":true,"href":"https:\/\/ballettschule-robinlynn.de\/index.php?rest_route=%2Fwp%2Fv2%2Fcomments&post=4578"}],"version-history":[{"count":150,"href":"https:\/\/ballettschule-robinlynn.de\/index.php?rest_route=\/wp\/v2\/pages\/4578\/revisions"}],"predecessor-version":[{"id":7005,"href":"https:\/\/ballettschule-robinlynn.de\/index.php?rest_route=\/wp\/v2\/pages\/4578\/revisions\/7005"}],"wp:attachment":[{"href":"https:\/\/ballettschule-robinlynn.de\/index.php?rest_route=%2Fwp%2Fv2%2Fmedia&parent=4578"}],"curies":[{"name":"wp","href":"https:\/\/api.w.org\/{rel}","templated":true}]}}