{"id":51,"date":"2019-09-26T09:49:16","date_gmt":"2019-09-26T09:49:16","guid":{"rendered":"https:\/\/ballettschule-robinlynn.de\/?page_id=51"},"modified":"2021-01-28T13:10:12","modified_gmt":"2021-01-28T13:10:12","slug":"impressum","status":"publish","type":"page","link":"https:\/\/ballettschule-robinlynn.de\/?page_id=51","title":{"rendered":"Impressum"},"content":{"rendered":"\t\t<div data-elementor-type=\"wp-page\" data-elementor-id=\"51\" class=\"elementor elementor-51\">\n\t\t\t\t\t\t<section class=\"elementor-section elementor-top-section elementor-element elementor-element-7416ec2 elementor-section-boxed elementor-section-height-default elementor-section-height-default\" data-id=\"7416ec2\" data-element_type=\"section\" data-e-type=\"section\">\n\t\t\t\t\t\t<div class=\"elementor-container elementor-column-gap-default\">\n\t\t\t\t\t<div class=\"elementor-column elementor-col-100 elementor-top-column elementor-element elementor-element-4a4b9d5\" data-id=\"4a4b9d5\" data-element_type=\"column\" data-e-type=\"column\">\n\t\t\t<div class=\"elementor-widget-wrap elementor-element-populated\">\n\t\t\t\t\t\t<div class=\"elementor-element elementor-element-cb3fa1b elementor-widget elementor-widget-text-editor\" data-id=\"cb3fa1b\" data-element_type=\"widget\" data-e-type=\"widget\" data-widget_type=\"text-editor.default\">\n\t\t\t\t<div class=\"elementor-widget-container\">\n\t\t\t\t\t\t\t\t\t<p><strong>Verantwortlich f\u00fcr den Inhalt und Inhaber der Schule f\u00fcr B\u00fchnentanz Robin Lynn:<\/strong><\/p><p>Robin Hannemann<br \/>Castroper Str. 14<br \/>45665 Recklinghausen<br \/>Tel.: 02561 \/ 41610<\/p><p>Email: info (add) ballettschule-robinlynn.de<br \/>Steuernummer: 340\/5120\/0636<\/p><p><strong>Webdesign und Fotographie<\/strong><\/p><p>Dr. Martin Hannemann, Billerbeck<\/p><p>Hinweis: Die Schule f\u00fcr B\u00fchnentanz Robin Lynn ist nicht verantwortlich f\u00fcr die Inhalte verkn\u00fcpfter Web-Seiten (Hyperlinks) die nicht Bestandteil der Internet-Domaine www.ballettschule-robinlynn.de sind. Die Schule f\u00fcr B\u00fchnentanz Robin Lynn nimmt hiermit ausdr\u00fccklich Abstand von den auf verkn\u00fcpften Seiten verf\u00fcgbaren oder hier\u00fcber erreichbaren Inhalten.<\/p><div class=\"woocommerce woocommerce-gzd woocommerce-gzd-complaints-shortcode\"><h3>Alternative Streitbeilegung gem\u00e4\u00df Art. 14 Abs. 1 ODR-VO und \u00a7 36 VSBG:<\/h3><p>Die Europ\u00e4ische Kommission stellt eine Plattform zur Online-Streitbeilegung (OS) bereit, die du unter <a href=\"https:\/\/ec.europa.eu\/consumers\/odr\" target=\"_blank\" rel=\"noopener\">https:\/\/ec.europa.eu\/consumers\/odr<\/a> findest. Zur Teilnahme an einem Streitbeilegungsverfahren vor einer Verbraucherschlichtungsstelle sind wir nicht verpflichtet und nicht bereit.<\/p><\/div>\t\t\t\t\t\t\t\t<\/div>\n\t\t\t\t<\/div>\n\t\t\t\t\t<\/div>\n\t\t<\/div>\n\t\t\t\t\t<\/div>\n\t\t<\/section>\n\t\t\t\t<\/div>\n\t\t","protected":false},"excerpt":{"rendered":"<p>Verantwortlich f\u00fcr den Inhalt und Inhaber der Schule f\u00fcr B\u00fchnentanz Robin Lynn: Robin HannemannCastroper Str. 1445665 RecklinghausenTel.: 02561 \/ 41610 Email: info [&hellip;]<\/p>\n","protected":false},"author":1,"featured_media":0,"parent":0,"menu_order":0,"comment_status":"closed","ping_status":"closed","template":"","meta":{"footnotes":""},"class_list":["post-51","page","type-page","status-publish","hentry"],"_links":{"self":[{"href":"https:\/\/ballettschule-robinlynn.de\/index.php?rest_route=\/wp\/v2\/pages\/51","targetHints":{"allow":["GET"]}}],"collection":[{"href":"https:\/\/ballettschule-robinlynn.de\/index.php?rest_route=\/wp\/v2\/pages"}],"about":[{"href":"https:\/\/ballettschule-robinlynn.de\/index.php?rest_route=\/wp\/v2\/types\/page"}],"author":[{"embeddable":true,"href":"https:\/\/ballettschule-robinlynn.de\/index.php?rest_route=\/wp\/v2\/users\/1"}],"replies":[{"embeddable":true,"href":"https:\/\/ballettschule-robinlynn.de\/index.php?rest_route=%2Fwp%2Fv2%2Fcomments&post=51"}],"version-history":[{"count":12,"href":"https:\/\/ballettschule-robinlynn.de\/index.php?rest_route=\/wp\/v2\/pages\/51\/revisions"}],"predecessor-version":[{"id":4623,"href":"https:\/\/ballettschule-robinlynn.de\/index.php?rest_route=\/wp\/v2\/pages\/51\/revisions\/4623"}],"wp:attachment":[{"href":"https:\/\/ballettschule-robinlynn.de\/index.php?rest_route=%2Fwp%2Fv2%2Fmedia&parent=51"}],"curies":[{"name":"wp","href":"https:\/\/api.w.org\/{rel}","templated":true}]}}