{"id":5102,"date":"2022-01-26T11:24:13","date_gmt":"2022-01-26T11:24:13","guid":{"rendered":"https:\/\/ballettschule-robinlynn.de\/?page_id=5102"},"modified":"2026-03-24T15:52:56","modified_gmt":"2026-03-24T15:52:56","slug":"anmeldung-blockkurse","status":"publish","type":"page","link":"https:\/\/ballettschule-robinlynn.de\/?page_id=5102","title":{"rendered":"Anmeldung Kurse und Blockkurse"},"content":{"rendered":"\t\t<div data-elementor-type=\"wp-page\" data-elementor-id=\"5102\" class=\"elementor elementor-5102\">\n\t\t\t\t\t\t<section class=\"elementor-section elementor-top-section elementor-element elementor-element-e5b2cad elementor-section-boxed elementor-section-height-default elementor-section-height-default\" data-id=\"e5b2cad\" data-element_type=\"section\" data-e-type=\"section\">\n\t\t\t\t\t\t<div class=\"elementor-container elementor-column-gap-default\">\n\t\t\t\t\t<div class=\"elementor-column elementor-col-100 elementor-top-column elementor-element elementor-element-527f9e2\" data-id=\"527f9e2\" data-element_type=\"column\" data-e-type=\"column\">\n\t\t\t<div class=\"elementor-widget-wrap elementor-element-populated\">\n\t\t\t\t\t\t<div class=\"elementor-element elementor-element-c2d3f98 elementor-widget elementor-widget-text-editor\" data-id=\"c2d3f98\" data-element_type=\"widget\" data-e-type=\"widget\" data-widget_type=\"text-editor.default\">\n\t\t\t\t<div class=\"elementor-widget-container\">\n\t\t\t\t\t\t\t\t\t<p>\n<div class=\"wpcf7 no-js\" id=\"wpcf7-f5101-o1\" lang=\"de-DE\" dir=\"ltr\" data-wpcf7-id=\"5101\">\n<div class=\"screen-reader-response\"><p role=\"status\" aria-live=\"polite\" aria-atomic=\"true\"><\/p> <ul><\/ul><\/div>\n<form action=\"\/index.php?rest_route=%2Fwp%2Fv2%2Fpages%2F5102#wpcf7-f5101-o1\" method=\"post\" class=\"wpcf7-form init\" aria-label=\"Kontaktformular\" novalidate=\"novalidate\" data-status=\"init\">\n<fieldset class=\"hidden-fields-container\"><input type=\"hidden\" name=\"_wpcf7\" value=\"5101\" \/><input type=\"hidden\" name=\"_wpcf7_version\" value=\"6.1.5\" \/><input type=\"hidden\" name=\"_wpcf7_locale\" value=\"de_DE\" \/><input type=\"hidden\" name=\"_wpcf7_unit_tag\" value=\"wpcf7-f5101-o1\" \/><input type=\"hidden\" name=\"_wpcf7_container_post\" value=\"0\" \/><input type=\"hidden\" name=\"_wpcf7_posted_data_hash\" value=\"\" \/><input type=\"hidden\" name=\"_wpcf7_recaptcha_response\" value=\"\" \/>\n<\/fieldset>\n<p>Neue T\u00e4nzerische Fr\u00fcherziehung 1 (ab 4 J.)\n<\/p>\n<p>Auf Grund der hohen Nachfrage er\u00f6ffnen wir einen weiteren Kurs f\u00fcr die 4 J\u00e4hrigen &#8211; kommt gerne zu einer kostenlosen Probestunde vorbei!\n<\/p>\n<p>Ab dem 3. M\u00e4rz immer dienstags von 15:00 &#8211; 15:45 Uhr\n<\/p>\n<p>______________________________________________________________________<br \/>\nBallett Anf\u00e4nger ab Mittwoch, den 15. April um 19:00 &#8211; 20 Uhr\n<\/p>\n<p>Auf Grund der hohen Nachfrage er\u00f6ffnen wir einen neuen Ballett Anf\u00e4nger Kurs.\n<\/p>\n<p>Ob Jugendlich, Erwachsen, absoluter Anf\u00e4nger, Quereinsteiger oder zum Auffrischen der Vorkenntnisse &#8211; hier gehen wir noch mal alle Basics durch um eine sichere und strukturierte Grundlage aufzubauen.\n<\/p>\n<p>______________________________________________________________________<br \/>\nPilates-Barre-Fusion Workout Freitags 11 &#8211; 12 Uhr ab 7. November!\n<\/p>\n<p>Dieser Kurs ist Teil unseres<br \/>\nPilates-Barre-Ballett-Workouts.<br \/>\nTrainiere bis zu 4x\/Woche<br \/>\nf\u00fcr nur 44\u202f\u20ac\/Monat!\n<\/p>\n<p>Kommt vorbei zu einer kostenlosen Probestunde!<br \/>\n______________________________________________________________________\n<\/p>\n<p>Wenn Sie Vertragspartner sind, kann der Betrag auch \u00fcber das monatliche Lastschriftverfahren beglichen werden, bitte teilen Sie das dem Studio mit (unter Bemerkungen), ansonsten bitte den Betrag am 1. Blockkurstag mitbringen.\n<\/p>\n<p><input class=\"wpcf7-form-control wpcf7-submit has-spinner\" type=\"submit\" value=\"verbindliche Anmeldung\" \/>\n<\/p>\n<p><label> Dein Name (Pflichtfeld)<br \/>\n<span class=\"wpcf7-form-control-wrap\" data-name=\"your-name\"><input size=\"40\" maxlength=\"400\" class=\"wpcf7-form-control wpcf7-text wpcf7-validates-as-required\" aria-required=\"true\" aria-invalid=\"false\" value=\"\" type=\"text\" name=\"your-name\" \/><\/span> <\/label>\n<\/p>\n<p><label> Deine E-Mail-Adresse (Pflichtfeld)<br \/>\n<span class=\"wpcf7-form-control-wrap\" data-name=\"your-email\"><input size=\"40\" maxlength=\"400\" class=\"wpcf7-form-control wpcf7-email wpcf7-validates-as-required wpcf7-text wpcf7-validates-as-email\" aria-required=\"true\" aria-invalid=\"false\" value=\"\" type=\"email\" name=\"your-email\" \/><\/span> <\/label>\n<\/p>\n<p><label> Kursteilnehmer\/in (Pflichtfeld)<br \/>\n<span class=\"wpcf7-form-control-wrap\" data-name=\"Kursteilnehmer\"><input size=\"40\" maxlength=\"400\" class=\"wpcf7-form-control wpcf7-text wpcf7-validates-as-required\" aria-required=\"true\" aria-invalid=\"false\" value=\"\" type=\"text\" name=\"Kursteilnehmer\" \/><\/span> <\/label>\n<\/p>\n<p><label> Alter-Kursteilnehmer\/in (Pflichtfeld)<br \/>\n<span class=\"wpcf7-form-control-wrap\" data-name=\"Alter\"><input size=\"40\" maxlength=\"400\" class=\"wpcf7-form-control wpcf7-text wpcf7-validates-as-required\" aria-required=\"true\" aria-invalid=\"false\" value=\"\" type=\"text\" name=\"Alter\" \/><\/span> <\/label>\n<\/p>\n<p><label> PLZ, Ort (Pflichtfeld)<br \/>\n<span class=\"wpcf7-form-control-wrap\" data-name=\"Ort\"><input size=\"40\" maxlength=\"400\" class=\"wpcf7-form-control wpcf7-text wpcf7-validates-as-required\" aria-required=\"true\" aria-invalid=\"false\" value=\"\" type=\"text\" name=\"Ort\" \/><\/span> <\/label>\n<\/p>\n<p><label> Strasse, Nr. (Pflichtfeld)<br \/>\n<span class=\"wpcf7-form-control-wrap\" data-name=\"Strasse\"><input size=\"40\" maxlength=\"400\" class=\"wpcf7-form-control wpcf7-text wpcf7-validates-as-required\" aria-required=\"true\" aria-invalid=\"false\" value=\"\" type=\"text\" name=\"Strasse\" \/><\/span> <\/label>\n<\/p>\n<p><label> Telefon (Pflichtfeld)<br \/>\n<span class=\"wpcf7-form-control-wrap\" data-name=\"Telephon\"><input size=\"40\" maxlength=\"400\" class=\"wpcf7-form-control wpcf7-text wpcf7-validates-as-required\" aria-required=\"true\" aria-invalid=\"false\" value=\"\" type=\"text\" name=\"Telephon\" \/><\/span> <\/label>\n<\/p>\n<p><label> <span class=\"wpcf7-form-control-wrap\" data-name=\"Blockkurs\"><select class=\"wpcf7-form-control wpcf7-select\" aria-invalid=\"false\" name=\"Blockkurs\"><option value=\"Pilates-Barre-Fusion ab Freitag, den 7. November 11 Uhr\">Pilates-Barre-Fusion ab Freitag, den 7. November 11 Uhr<\/option><option value=\"T\u00e4nzerische Fr\u00fcherziehung 1 ab Dienstag, den 3. M\u00e4rz 15:00 - 15:45 Uhr\">T\u00e4nzerische Fr\u00fcherziehung 1 ab Dienstag, den 3. M\u00e4rz 15:00 &#8211; 15:45 Uhr<\/option><option value=\"Ballett Anf\u00e4nger ab Mittwoch, den 15. April 19:00 - 20:00 Uhr\">Ballett Anf\u00e4nger ab Mittwoch, den 15. April 19:00 &#8211; 20:00 Uhr<\/option><\/select><\/span><br \/>\n<\/label>\n<\/p>\n<p><label> Bemerkung<br \/>\n<span class=\"wpcf7-form-control-wrap\" data-name=\"bemerkung\"><textarea cols=\"40\" rows=\"10\" maxlength=\"2000\" class=\"wpcf7-form-control wpcf7-textarea\" aria-invalid=\"false\" name=\"bemerkung\"><\/textarea><\/span><br \/>\n<\/label<\/label>\n<\/p><div class=\"wpcf7-response-output\" aria-hidden=\"true\"><\/div>\n<\/form>\n<\/div>\n\u00a0<\/p>\t\t\t\t\t\t\t\t<\/div>\n\t\t\t\t<\/div>\n\t\t\t\t\t<\/div>\n\t\t<\/div>\n\t\t\t\t\t<\/div>\n\t\t<\/section>\n\t\t\t\t<section class=\"elementor-section elementor-top-section elementor-element elementor-element-6608931 elementor-section-boxed elementor-section-height-default elementor-section-height-default\" data-id=\"6608931\" data-element_type=\"section\" data-e-type=\"section\">\n\t\t\t\t\t\t<div class=\"elementor-container elementor-column-gap-default\">\n\t\t\t\t\t<div class=\"elementor-column elementor-col-100 elementor-top-column elementor-element elementor-element-5be1fe2\" data-id=\"5be1fe2\" data-element_type=\"column\" data-e-type=\"column\">\n\t\t\t<div class=\"elementor-widget-wrap elementor-element-populated\">\n\t\t\t\t\t\t\t<\/div>\n\t\t<\/div>\n\t\t\t\t\t<\/div>\n\t\t<\/section>\n\t\t\t\t<\/div>\n\t\t","protected":false},"excerpt":{"rendered":"<p>\u00a0<\/p>\n","protected":false},"author":1,"featured_media":0,"parent":5123,"menu_order":0,"comment_status":"closed","ping_status":"closed","template":"","meta":{"footnotes":""},"class_list":["post-5102","page","type-page","status-publish","hentry"],"_links":{"self":[{"href":"https:\/\/ballettschule-robinlynn.de\/index.php?rest_route=\/wp\/v2\/pages\/5102","targetHints":{"allow":["GET"]}}],"collection":[{"href":"https:\/\/ballettschule-robinlynn.de\/index.php?rest_route=\/wp\/v2\/pages"}],"about":[{"href":"https:\/\/ballettschule-robinlynn.de\/index.php?rest_route=\/wp\/v2\/types\/page"}],"author":[{"embeddable":true,"href":"https:\/\/ballettschule-robinlynn.de\/index.php?rest_route=\/wp\/v2\/users\/1"}],"replies":[{"embeddable":true,"href":"https:\/\/ballettschule-robinlynn.de\/index.php?rest_route=%2Fwp%2Fv2%2Fcomments&post=5102"}],"version-history":[{"count":77,"href":"https:\/\/ballettschule-robinlynn.de\/index.php?rest_route=\/wp\/v2\/pages\/5102\/revisions"}],"predecessor-version":[{"id":7002,"href":"https:\/\/ballettschule-robinlynn.de\/index.php?rest_route=\/wp\/v2\/pages\/5102\/revisions\/7002"}],"up":[{"embeddable":true,"href":"https:\/\/ballettschule-robinlynn.de\/index.php?rest_route=\/"}],"wp:attachment":[{"href":"https:\/\/ballettschule-robinlynn.de\/index.php?rest_route=%2Fwp%2Fv2%2Fmedia&parent=5102"}],"curies":[{"name":"wp","href":"https:\/\/api.w.org\/{rel}","templated":true}]}}