{"id":63,"date":"2019-09-26T10:15:38","date_gmt":"2019-09-26T10:15:38","guid":{"rendered":"https:\/\/ballettschule-robinlynn.de\/?page_id=63"},"modified":"2019-09-29T14:19:56","modified_gmt":"2019-09-29T14:19:56","slug":"konzept","status":"publish","type":"page","link":"https:\/\/ballettschule-robinlynn.de\/?page_id=63","title":{"rendered":"Konzept"},"content":{"rendered":"\t\t<div data-elementor-type=\"wp-page\" data-elementor-id=\"63\" class=\"elementor elementor-63\">\n\t\t\t\t\t\t<section class=\"elementor-section elementor-top-section elementor-element elementor-element-406bf52 elementor-section-boxed elementor-section-height-default elementor-section-height-default\" data-id=\"406bf52\" data-element_type=\"section\" data-e-type=\"section\">\n\t\t\t\t\t\t<div class=\"elementor-container elementor-column-gap-default\">\n\t\t\t\t\t<div class=\"elementor-column elementor-col-100 elementor-top-column elementor-element elementor-element-d70e9cc\" data-id=\"d70e9cc\" data-element_type=\"column\" data-e-type=\"column\">\n\t\t\t<div class=\"elementor-widget-wrap elementor-element-populated\">\n\t\t\t\t\t\t<div class=\"elementor-element elementor-element-6f4304b elementor-widget elementor-widget-text-editor\" data-id=\"6f4304b\" data-element_type=\"widget\" data-e-type=\"widget\" data-widget_type=\"text-editor.default\">\n\t\t\t\t<div class=\"elementor-widget-container\">\n\t\t\t\t\t\t\t\t\t<p>Unser Team aus diplomierten Tanzp\u00e4dagogen hat es sich mit unserem Kurssystem zur Aufgabe gemacht, einen l\u00fcckenlosen Unterricht f\u00fcr alle Altersklassen und Leistungsniveaus in den zahlreichen Sparten des B\u00fchnentanzes anzubieten.<\/p><p>Unsere Basis ist der klassische Tanz, auf dem alle professionellen Tanzrichtungen und Ausbildungen aufbauen. Wir unterrichten Ballett nach der &#8222;Borrmann-Methodik&#8220;, die das russisch-sowjetische System in angemessenen kleinen Schritten f\u00fcr Kinderballettschulen anwend- und einsetzbar macht.<\/p><p>Laden Sie sich hier unser <a href=\"https:\/\/ballettschule-robinlynn.de\/wp-content\/uploads\/2019\/09\/tanzplan.pdf\" target=\"_blank\" rel=\"noopener\">detailliertes Konzept<\/a> als Pdf. Die Methodik f\u00fcr das klassische Ballett finden Sie hier: <a href=\"https:\/\/ballettschule-robinlynn.de\/wp-content\/uploads\/2019\/09\/Ausbildung-1.pdf\" target=\"_blank\" rel=\"noopener\">Borrmann-Methodik<\/a>.<\/p><p>Eine <a href=\"https:\/\/ballettschule-robinlynn.de\/wp-content\/uploads\/2019\/09\/Ausbildung-1.pdf\" target=\"_blank\" rel=\"noopener\">graphische Darstellung<\/a> erleichtert die Orientierung bezgl. der gestaffelten Ausbildung.<\/p>\t\t\t\t\t\t\t\t<\/div>\n\t\t\t\t<\/div>\n\t\t\t\t\t<\/div>\n\t\t<\/div>\n\t\t\t\t\t<\/div>\n\t\t<\/section>\n\t\t\t\t<section class=\"elementor-section elementor-top-section elementor-element elementor-element-5c47d6f elementor-section-boxed elementor-section-height-default elementor-section-height-default\" data-id=\"5c47d6f\" data-element_type=\"section\" data-e-type=\"section\">\n\t\t\t\t\t\t<div class=\"elementor-container elementor-column-gap-default\">\n\t\t\t\t\t<div class=\"elementor-column elementor-col-100 elementor-top-column elementor-element elementor-element-13afbbc\" data-id=\"13afbbc\" data-element_type=\"column\" data-e-type=\"column\">\n\t\t\t<div class=\"elementor-widget-wrap elementor-element-populated\">\n\t\t\t\t\t\t<div class=\"elementor-element elementor-element-57569a9 elementor-invisible elementor-widget elementor-widget-image\" data-id=\"57569a9\" data-element_type=\"widget\" data-e-type=\"widget\" data-settings=\"{&quot;_animation&quot;:&quot;fadeInLeft&quot;}\" data-widget_type=\"image.default\">\n\t\t\t\t<div class=\"elementor-widget-container\">\n\t\t\t\t\t\t\t\t\t\t\t\t\t\t\t<img fetchpriority=\"high\" decoding=\"async\" width=\"1024\" height=\"277\" src=\"https:\/\/ballettschule-robinlynn.de\/wp-content\/uploads\/2019\/09\/DSC_6300-1024x277.jpg\" class=\"attachment-large size-large wp-image-1318\" alt=\"\" srcset=\"https:\/\/ballettschule-robinlynn.de\/wp-content\/uploads\/2019\/09\/DSC_6300-1024x277.jpg 1024w, https:\/\/ballettschule-robinlynn.de\/wp-content\/uploads\/2019\/09\/DSC_6300-300x81.jpg 300w, https:\/\/ballettschule-robinlynn.de\/wp-content\/uploads\/2019\/09\/DSC_6300-768x207.jpg 768w, https:\/\/ballettschule-robinlynn.de\/wp-content\/uploads\/2019\/09\/DSC_6300-830x224.jpg 830w, https:\/\/ballettschule-robinlynn.de\/wp-content\/uploads\/2019\/09\/DSC_6300-230x62.jpg 230w, https:\/\/ballettschule-robinlynn.de\/wp-content\/uploads\/2019\/09\/DSC_6300-350x95.jpg 350w, https:\/\/ballettschule-robinlynn.de\/wp-content\/uploads\/2019\/09\/DSC_6300-480x130.jpg 480w, https:\/\/ballettschule-robinlynn.de\/wp-content\/uploads\/2019\/09\/DSC_6300-600x162.jpg 600w, https:\/\/ballettschule-robinlynn.de\/wp-content\/uploads\/2019\/09\/DSC_6300.jpg 2048w\" sizes=\"(max-width: 1024px) 100vw, 1024px\" \/>\t\t\t\t\t\t\t\t\t\t\t\t\t\t\t<\/div>\n\t\t\t\t<\/div>\n\t\t\t\t\t<\/div>\n\t\t<\/div>\n\t\t\t\t\t<\/div>\n\t\t<\/section>\n\t\t\t\t<\/div>\n\t\t","protected":false},"excerpt":{"rendered":"<p>Unser Team aus diplomierten Tanzp\u00e4dagogen hat es sich mit unserem Kurssystem zur Aufgabe gemacht, einen l\u00fcckenlosen Unterricht f\u00fcr alle Altersklassen und Leistungsniveaus [&hellip;]<\/p>\n","protected":false},"author":1,"featured_media":0,"parent":0,"menu_order":0,"comment_status":"closed","ping_status":"closed","template":"","meta":{"footnotes":""},"class_list":["post-63","page","type-page","status-publish","hentry"],"_links":{"self":[{"href":"https:\/\/ballettschule-robinlynn.de\/index.php?rest_route=\/wp\/v2\/pages\/63","targetHints":{"allow":["GET"]}}],"collection":[{"href":"https:\/\/ballettschule-robinlynn.de\/index.php?rest_route=\/wp\/v2\/pages"}],"about":[{"href":"https:\/\/ballettschule-robinlynn.de\/index.php?rest_route=\/wp\/v2\/types\/page"}],"author":[{"embeddable":true,"href":"https:\/\/ballettschule-robinlynn.de\/index.php?rest_route=\/wp\/v2\/users\/1"}],"replies":[{"embeddable":true,"href":"https:\/\/ballettschule-robinlynn.de\/index.php?rest_route=%2Fwp%2Fv2%2Fcomments&post=63"}],"version-history":[{"count":10,"href":"https:\/\/ballettschule-robinlynn.de\/index.php?rest_route=\/wp\/v2\/pages\/63\/revisions"}],"predecessor-version":[{"id":1473,"href":"https:\/\/ballettschule-robinlynn.de\/index.php?rest_route=\/wp\/v2\/pages\/63\/revisions\/1473"}],"wp:attachment":[{"href":"https:\/\/ballettschule-robinlynn.de\/index.php?rest_route=%2Fwp%2Fv2%2Fmedia&parent=63"}],"curies":[{"name":"wp","href":"https:\/\/api.w.org\/{rel}","templated":true}]}}